{"id":117,"date":"2018-02-06T11:33:45","date_gmt":"2018-02-06T13:33:45","guid":{"rendered":"http:\/\/200.132.218.46\/nesma\/?page_id=117"},"modified":"2018-02-06T11:33:45","modified_gmt":"2018-02-06T13:33:45","slug":"tratores-agricolas-agronomia","status":"publish","type":"page","link":"https:\/\/portais.sertao.ifrs.edu.br\/nesma\/disciplinas\/tratores-agricolas-agronomia\/","title":{"rendered":"Tratores Agr\u00edcolas &#8211; Agronomia"},"content":{"rendered":"<h2><img decoding=\"async\" class=\"size-full wp-image-110 alignleft\" src=\"https:\/\/portais.sertao.ifrs.edu.br\/nesma\/wp-content\/uploads\/sites\/3\/2018\/02\/ef3fa3_4691c524f5364c1d9f3fa3782ed8367c.png\" alt=\"\" width=\"94\" height=\"88\" \/><\/h2>\n<h2><span style=\"color: #339966\">Objetivo Geral<a href=\"https:\/\/calendar.google.com\/calendar\/r\/month\/2019\/4\/1?tab=mc&amp;pli=1\"><img decoding=\"async\" class=\" wp-image-667 alignright\" src=\"https:\/\/portais.sertao.ifrs.edu.br\/nesma\/wp-content\/uploads\/sites\/3\/2019\/02\/Agenda-298x318.png\" alt=\"\" width=\"133\" height=\"142\" srcset=\"https:\/\/portais.sertao.ifrs.edu.br\/nesma\/wp-content\/uploads\/sites\/3\/2019\/02\/Agenda-298x318.png 298w, https:\/\/portais.sertao.ifrs.edu.br\/nesma\/wp-content\/uploads\/sites\/3\/2019\/02\/Agenda-149x159.png 149w, https:\/\/portais.sertao.ifrs.edu.br\/nesma\/wp-content\/uploads\/sites\/3\/2019\/02\/Agenda-768x821.png 768w, https:\/\/portais.sertao.ifrs.edu.br\/nesma\/wp-content\/uploads\/sites\/3\/2019\/02\/Agenda.png 1053w\" sizes=\"(max-width: 133px) 100vw, 133px\" \/><\/a><\/span><\/h2>\n<p class=\"font_8\">Capacitar o estudante o conhecimento do funcionamento dos motores de combust\u00e3o interna e seus constituintes, bem como, a execu\u00e7\u00e3o da manuten\u00e7\u00e3o e opera\u00e7\u00e3o de tratores, utilizando aspectos de seguran\u00e7a.<\/p>\n<h2><span style=\"color: #339966\">Ementa<\/span><\/h2>\n<p>Princ\u00edpios de funcionamento de motores de combust\u00e3o interna e seus constituintes; Sistema de alimenta\u00e7\u00e3o, arrefecimento e lubrifica\u00e7\u00e3o; Mecanismos de transmiss\u00e3o; Condi\u00e7\u00f5es de equil\u00edbrio e transfer\u00eancia de peso de tratores; Pneus; Manuten\u00e7\u00e3o de tratores; Opera\u00e7\u00e3o e cuidados com tratores agr\u00edcolas.<\/p>\n<h2><span style=\"color: #339966\">Bibliografia B\u00e1sica<\/span><\/h2>\n<ul class=\"font_8\">\n<li>\n<p class=\"font_8\">MIALHE, L. G.\u00a0M\u00e1quinas Motoras na Agricultura. S\u00e3o Paulo: Ed. Da Universidade de S\u00e3o Paulo, V. 1, 1980. 282p.<\/p>\n<\/li>\n<li>\n<p class=\"font_8\">MIALHE, L. G.\u00a0M\u00e1quinas Motoras na Agricultura.\u00a0S\u00e3o Paulo: Ed. Da Universidade de S\u00e3o Paulo, V. 2, 1980. 359p.<\/p>\n<\/li>\n<li>\n<p class=\"font_8\">REIS, A. V.\u00a0Motores, tratores, combust\u00edveis e lubrificantes.\u00a02\u00aa ed. Ampl. Pelotas: Editora UFPel, 2005, 302p.<\/p>\n<\/li>\n<li>\n<p class=\"font_8\">SILVEIRA, G. M.\u00a0Os cuidados com o trator.\u00a0Rio de Janeiro: Globo, 2 ed. 1989.<\/p>\n<\/li>\n<\/ul>\n<h2><span style=\"color: #339966\">Recupera\u00e7\u00e3o paralela<\/span><\/h2>\n<p>Para aqueles acad\u00eamicos (as) que possuem uma maior dificuldade de aprendizagem, ser\u00e1 oferecida aulas de refor\u00e7o com o professor e com bolsistas do setor, sendo que para recupera\u00e7\u00e3o paralela ser\u00e1 realizada uma avalia\u00e7\u00e3o ap\u00f3s a segunda prova, esta por sua vez ir\u00e1 recuperar a nota mais baixa entre as duas avalia\u00e7\u00f5es previstas. Para realizar tal avalia\u00e7\u00e3o, os alunos devem possuir os seguintes requisitos:<\/p>\n<ul>\n<li>Ter 20% de participa\u00e7\u00e3o no atendimento ao aluno;<\/li>\n<li>Estar com nota abaixo de 5,5;<\/li>\n<li>Tiver 85% de frequ\u00eancia;<\/li>\n<li>N\u00e3o ter sido pego com cola na prova ou nos trabalhos.<\/li>\n<\/ul>\n<p>A recupera\u00e7\u00e3o paralela dever\u00e1 ser solicitada at\u00e9 76h a publica\u00e7\u00e3o da prova, ap\u00f3s perde-se o direito de solicitar, esta dever\u00e1 ser realizada por e-mail.<\/p>\n<h2>______________________________________________________________________________<\/h2>\n<h2 style=\"text-align: center\"><span style=\"color: #008000\">Atendimento de aluno<\/span><\/h2>\n<p>Ter\u00e7as: 15:00-16:00h<\/p>\n<p>Quarta: 08:00-10:00h<\/p>\n<p>Quinta: 17:00-18:00h<\/p>\n<p>_____________________________________________________________________________________________________________________<\/p>\n<h2 style=\"text-align: center\"><a href=\"https:\/\/classroom.google.com\/u\/0\/c\/MzA2Mjc0NjM1OTha\">Sala de aula do google<\/a><\/h2>\n<h2 style=\"text-align: center\"><\/h2>\n<h2 style=\"text-align: center\"><a href=\"https:\/\/portais.sertao.ifrs.edu.br\/nesma\/wp-content\/uploads\/sites\/3\/2019\/02\/Tratores-Agr\u00edcolas-2019.pdf\">Plano de ensino<\/a><\/h2>\n<h2 style=\"text-align: center\"><a href=\"https:\/\/portais.sertao.ifrs.edu.br\/nesma\/wp-content\/uploads\/sites\/3\/2019\/03\/Aulas-Tratores-Agr\u00edcolas-2019..pdf\">Cronograma de aula<\/a><\/h2>\n<h2 style=\"text-align: center\"><a href=\"https:\/\/docs.google.com\/spreadsheets\/d\/1YhCFnalOliQxqPShkYTgHuWL53GnRZNMrkuQfQopJfM\/edit?usp=sharing\">Caderno de notas<\/a><\/h2>\n<h2>_________________________________________________________________<\/h2>\n<h2 style=\"text-align: center\"><span style=\"color: #339966\">Aulas\u00a0 \u00a0 <\/span><\/h2>\n<p style=\"text-align: left\"><span style=\"color: #339966\"><a href=\"https:\/\/portais.sertao.ifrs.edu.br\/nesma\/wp-content\/uploads\/sites\/3\/2019\/02\/Hist\u00f3rico-da-mecaniza\u00e7\u00e3o-e-tratores.pdf\">Hist\u00f3rico da mecaniza\u00e7\u00e3o e tratores<\/a>\u00a0 \u00a0 \u00a0 \u00a0 \u00a0 \u00a0<\/span><\/p>\n<p style=\"text-align: left\"><span style=\"color: #339966\"><a href=\"https:\/\/portais.sertao.ifrs.edu.br\/nesma\/wp-content\/uploads\/sites\/3\/2019\/04\/Motores-de-combust\u00e3o-interna.pdf\">Motores de combust\u00e3o interna<\/a> <\/span><\/p>\n<p style=\"text-align: left\"><span style=\"color: #339966\"><a href=\"https:\/\/nesma.sertao.ifrs.edu.br\/wp-content\/uploads\/2019\/04\/Sistemas-de-lubrifica\u00e7\u00e3o.pdf\">Sistemas de lubrifica\u00e7\u00e3o<\/a> <\/span><\/p>\n<p style=\"text-align: left\"><span style=\"color: #339966\"><a href=\"https:\/\/portais.sertao.ifrs.edu.br\/nesma\/wp-content\/uploads\/sites\/3\/2019\/04\/Sistema-de-arrefecimento.pdf\">Sistema de arrefecimento<\/a> <\/span><\/p>\n<p style=\"text-align: left\"><span style=\"color: #339966\"><a href=\"https:\/\/portais.sertao.ifrs.edu.br\/nesma\/wp-content\/uploads\/sites\/3\/2019\/04\/Sistemas-de-lubrifica\u00e7\u00e3o-1.pdf\">Sistemas de lubrifica\u00e7\u00e3o<\/a>\u00a0 \u00a0 \u00a0 \u00a0 <\/span><\/p>\n<p style=\"text-align: left\"><span style=\"color: #339966\"><a href=\"https:\/\/portais.sertao.ifrs.edu.br\/nesma\/wp-content\/uploads\/sites\/3\/2019\/05\/Sistema-hidra\u00falico.pdf\">Sistema hidr\u00e1ulico<\/a>\u00a0 \u00a0<\/span><\/p>\n<p><a href=\"https:\/\/portais.sertao.ifrs.edu.br\/nesma\/wp-content\/uploads\/sites\/3\/2019\/07\/Pneu-e-lastragem.pdf\">Pneu e lastragem<\/a><\/p>\n<p><a href=\"https:\/\/portais.sertao.ifrs.edu.br\/nesma\/wp-content\/uploads\/sites\/3\/2019\/07\/Sistema-de-transmiss\u00e3o.pdf\">Sistema de transmiss\u00e3o<\/a><\/p>\n<p><a href=\"https:\/\/portais.sertao.ifrs.edu.br\/nesma\/wp-content\/uploads\/sites\/3\/2019\/07\/TDP-e-Sistema-de-redu\u00e7\u00e3o-final.pdf\">TDP e Sistema de redu\u00e7\u00e3o final<\/a><\/p>\n<p><a href=\"https:\/\/portais.sertao.ifrs.edu.br\/nesma\/wp-content\/uploads\/sites\/3\/2019\/06\/Sistema-de-embreagem.pdf\">Sistema de embreagem<\/a><\/p>\n<blockquote>\n<h2 style=\"text-align: center\"><span style=\"color: #339966\">Trabalhos<\/span><\/h2>\n<p><a href=\"https:\/\/portais.sertao.ifrs.edu.br\/nesma\/wp-content\/uploads\/sites\/3\/2019\/04\/Curva-do-motor.docx\">Curva do motor<\/a><\/p>\n<p><a href=\"https:\/\/portais.sertao.ifrs.edu.br\/nesma\/wp-content\/uploads\/sites\/3\/2019\/06\/Modelo-de-pericia.pdf\">Modelo de pericia<\/a><\/p>\n<p><a href=\"https:\/\/portais.sertao.ifrs.edu.br\/nesma\/wp-content\/uploads\/sites\/3\/2019\/06\/Lastragem.xlsx\">Lastragem<\/a><\/p>\n<p><a href=\"https:\/\/nesma.sertao.ifrs.edu.br\/wp-content\/uploads\/2019\/07\/Avalia\u00e7\u00e3o-de-um-trator.zip\">Avalia\u00e7\u00e3o de um trator<\/a><\/p>\n<p><a href=\"https:\/\/nesma.sertao.ifrs.edu.br\/wp-content\/uploads\/2019\/07\/Laudo-de-uma-propriedade.zip\">Laudo de uma propriedade<\/a><\/p>\n<p><a href=\"https:\/\/nesma.sertao.ifrs.edu.br\/wp-content\/uploads\/2019\/07\/Trabalho-de-Lastragem.zip\">Trabalho de Lastragem<\/a><\/p><\/blockquote>\n<p>_________________________________________________________________________________________________<\/p>\n<p style=\"text-align: center\">\u00a0D\u00favidas? acesso os v\u00eddeos do nosso canal no youtube\u00a0<a href=\"https:\/\/www.youtube.com\/channel\/UCBFAlw72xRzSAasmxP17PJQ\"><img decoding=\"async\" class=\"aligncenter\" src=\"image\/png;base64,iVBORw0KGgoAAAANSUhEUgAAAUUAAACbCAMAAADC6XmEAAABBVBMVEX\/\/\/\/+AAAoKCgdHR0lJSV6enojIyMuLi4YGBggICD09PQWFhbY2NgRERH39\/fKysoHBwdoaGjq6uq\/v79LS0vi4uL3AADt7e2oqKj\/\/\/3sAAAMDAx1dXVGRkbzAADS0tKcnJziDw7\/4uOzs7PmAABsbGz\/+\/+FhYVVVVU7Ozs0NDSNjY1eXl5ISEj\/9\/LDw8P\/7Or9u7j+19fvaGfzmZnzcHPkW2DygILiFRnsPkLyU1P2p6LrLC7yi4j0xMbpdXP3\/\/fjIC3tYl37rq3yQ0Lzu77\/49vy\/\/71kJLqVVT9trndMS7\/5+DwnaP7zcXhICL8yLr92dDysqjvdmr++Or\/zdP0oJU2FF\/EAAAOJUlEQVR4nO2ci1\/iuBbHa6lAKeVNMQURBaqgIiqOT9TVcZxR17mz9+79\/\/+UmzQ56RModUD3mt86n9VS0uTbPE5OTiJJQkJCQkJCQkJCQkJCQkJCQkJCQkJCQkJCQkJCQkJCQkJCQkJCQkJCQkJCQkJC\/xghJCHndzTtVs+XPosQ++f84voMudF5NCU9+HTqbf9nsovqgEFoMBgOt46Ojv5+eHp6uh+NvmONT09vbk6Ose6Oj0+OT05OT8fk+mg0uj88PLzGt29tDQcDmghJzPpECCW7yLeP+P+D4a+H+9Hp8Y+Lr1ebHVum2SQybK1wGVz2x6Zp0tt\/fj3\/8eXm++XT9daAELQ+UZO28A8aHo7Pz0yCzVihwNzYpsjw3kfRmmfPX0ZHCKf7aSjeWpL153OnOZFMJJSUvOtSs3Nz9N5Fi6TMTqWCf7BW35IM+vXDnI9aJLIrRmc0+AfUxUxKTSpYyUQxXgK0wb3+bM5Z96Kq8++B9YhcvWN5FXTgzkcbrjY24hWktDpNranfzaQU2ZYak6LdKX47MxZDkdTGMe4bXRQPCgmqesOdi3WNXS5U4xWjCumGSZ9O5zdQlNDworni6dF+J8aVzr3naTWZKbnuvqqGXZ1HVU2RJ0rtTv3umyki6RF9N43FMKQYfw49XWMRgOk152K+wC5qu\/HKgSlOhrgEitLLmWFEtWrmI0jTbI6Q5XriGhS3nncutnSgmA9kMZrem+KluajmzGyf86F7WpmF4mot5yJUUCVVC2Qxmt6TIpn5HS+qNYM6r54ZTC+Y5QxcS0wv7hS9M8XhzwVDXDEvPS6O1TSrd71cAIG+FqsYJImCxpTg8BS4VFjsGI1L96uzaIrGicdTVOZ9IDdq2ryvjGnn4FG+BdpOAsQdfq099bu\/geJf5qJb9Mr5wE2xlGR5rpfh0jarnsn9WKXwqsoSkxNR53Nvpoik8aKmLY7Ohp6H7rHKkuZWzTorRXo7Vim8yi6dIp5WHDdnY3ijOkeejrHF2q+6B6WArkw\/CMvknFo+RQlZ5wuviob54HnmBjOxFZmZNfk6K3cyrp3j1vIpImlwFZUiuS+WcW7gQdojGEO1LP17TfdVzjfpPShunUX2xRpxrfPm2PvULmvBGrNruupb7Ry33qFFS0cRDR2zE3+KY9x4nwmTQFbMHAwu9WzMQnj0Hv3idSSKhrH5Ou7E7UGNY+9Dqwmaa+bAqbJuUdnnZriUbTX25URC3m+seUzIXJULEuNi3w5QzPA7SuGJ+Chm2t1UQu1tB6f0tYPdIplm9Yq7ZXcXjh7MSDXM2NxCrz86scZzY+XC6\/DOVZitk7SLBWa4U3fKFV3DpPF\/SkJL7LkctyXuRtQZNMczeTCBYrngczNyX2RayQUptvs6ectKol70Dna13ZSepl7xhKandvmnCB1GXCrY3MJ3H57HW1j4OvC+U7CyC\/br3mV\/gRVeKxbAe0bLVnDcZSWdFhgXhFGEN8ISC6NYl+mXYJbOfZFKKkhxtcAdlel1N8a8rLtdmIrWh+aA0GXE6oUpWo9oODojRvq8A82V1+zm7kTq1tlhHJjDMbOeln2qc2u8BNNHeQ6K8B2VUwQSfopdqcEfQPLn6lnLWlL2Sk1VgeIoOkWsx8ejY9unO18XebblpZhRFadYGZap5A79sBiAiDHC6L1gio02uItZmrxTrqpBX3piByrjOCIPTBFPFy1Lwt2jOa\/Vs+mjKO3RJqv0MtgIZ2Vi\/sa1Os+lk29FrS6DorLf93JypqRF7ipSnGwVmJcD3USnCEEog\/s\/5ukeydqLnyK3dTCcNiukbg8iuT5kMqmlFM1fnMVSJIQSuua4KpPkNRNtwLtV0v2eCkSh+aCT+SjSLw3HZ8Y8C\/8d\/+o+OLw1PKCs0jwpNMNtnt1eXqq1eIESmWVQlBV9NZ9tOa0XplcNBk7pY0ugBNMG8ORF9nQ7jdKSHiXp1\/E8DjXTTxGc22Sxig0uCbqyyhe36ArMNs9veSkU6XSK+zthOlWDFlJve\/6E2dfd3BRt+NTqod81Zs6vzWsfRaiAeOZcY\/0Myx8wUWljyQJFhmTBFKHjWIdE2ZpkHr6h1jxVkz4CSXcRq5N\/gLDQfy6f6aRw9nsIUizXWTGkLFg9tgV+AKYcrG3Bigyb5yx4dJHZ7AZMWHCQtMCNXKGfQ1+u2G5lZF3Eo2ivjb6cRmzWPtcYKQg4IGosQ6yj5kuqdTYT4V2QUlo8RT6PLoPBo\/Q8uQCvU7nuTgBZ5\/EostjbX186UZw95qGfIvSGhY1dmkHWdFa5w5ZN+3ahxIWNJVLc4BT79t98jZIlmeVjYM2m+DU2RTvO23o6jzARD6HIRl+9zdxijBowUZLMQORBAHp5iRSddVmF2AY5eLewyFEFyomSTfEqJkWmWzT879XMrjGEIvNvq6v7Cn3nGc9Ll6GHWuMrhq0lUqxxi18l+SjxSARGsQR10V7HfBtFZGGK1l9XMytjCMWcAm4FWmJaQG5C8CAJTpEOn0ui6Iw3aYKJN2AY82o+irFbNDHBMcO\/78zZ9ncIRe7gptLpXKokT6RImSyLIp9B6cTszk+mmJVijy58p8a3Gzy6NOOMLg4eWtNoN1jlI\/L7UnTmoXZ\/fcBD2vwU9TdQJF4J\/DOgfrKV2VZ3CMVq2uUkATuMEwih2FgiRb5C7qOYDqf4Fqsbz14iOneCVjd+3fsuijD2TaFIS7g0ipBqeF3MeCjGnAGSULNfd2akejiJojM\/kJ1Yxml18SNQVLtlW21u1lKK0b0RbO3E3qclvYw3o3sjjIBPxy6cy5Go1D4axfAWLat1ncjxVtgtGp3M4etmQ8otGlz+0XyTZ4wo5wwvfDn\/47ToCRT9onUR3USnyDdRHl6Y8wVJBLy0tva4rcOX8z98XQyliNB4Hop4XJbQt5MIFmLgyyFyuWBhOf+fWReRNO\/q1XC8aRoRHWJU+L5N3xogKy4vzDos5394iopvJ02BUryMPkZbEhrcP5vGnCE79maNMIpVvskF1tI+DsX9cIrJymrDo649A0RPUeviN3z360WcVX0jsKrPCsMXgSqc4pS5S\/dd6mI91Or2CpEIk9kYjBUDN0o83YsXYWJcWGEPD6M4ZXRZ6gywN30G6KcYLdoJUzz6E0\/3YsU7Gf5op8kUqzyy\/cPMo21vxCyKkSPvrsyYQaDByLvJFGupj+HTqTnrWaTjC\/h0\/Ho5izZOvCEIdMUYhz46hCL3SCkBLy2dai\/bS6vYQdJVr6uYfKWWcRdlMNvHyjnGxGg0fRHJkyk6vbrip0g9kEuimHXmVYRWDZLk2yK6BaW\/vlPsNmyYaDBHdHw8hoHo+GkUK7wlMUOcm+YU0jutXvnXq6WiqijJpJpI2x3PsnZqRKXI1wDBywOhjmzG6qKYmZ8iRIHOpMjjXFjW4CH8BogWVBjF8SI29Xp19uI\/62giRd6A621fdvt2fnnsBIsCiELxgFNkTo\/STIr8ZbLKxzeHwfyAR\/Kwd3m5eIrnoUZ3KMW8d0h2FZDm3zFBIJSeW3YTKfI0Yf8m7\/UmUXSZi9RPAuu5SooFXRU8CUjS6wJOL\/GK7KaMSpHXNRZCVvaPjs4El17gwRSTKTpDBe1sczsw9QzG6dAW4KwJsV3vfG8hCx7nO3Tsd7usnb2RKToxY\/ZwWHJqGqt63J2mkLDq2rYTaziRIt++iesappbd4U72YPxiolWSMm3eXrnZugPhQhVyIQtfoGM2CY\/9suRd5tMpOiHB+t7abj9wKgePOJGTSnFPTuOCz6LItzTgUve6FU2VVehsg\/GLWqKXcrmPYXs6j\/BV+7uthsr7YhrRgUs3WliTtg1MY+V5OAdFp0uSVc05l0SHHc4HThFlVSVVEkIcJ1J0giBJZUuSUYbV+GBdlD0Rx9CA3cESSjrNk4PhCkno2+aiILLTysYTjmwLpeiEa7nF49Dd9cZWvQW23WSKeV+SepatnAVHF0+ogZzs8WythWWLPRKRVZRTs7mgU0xsiMRLHgZxAkVpux7Irao4G7Bano\/TO3zr1mSKUsUDp9CCMddPUS91PRsc3DuNi54oBFv1FlRF6VZ6eba3my4CIf5n\/oluJ7Vo3mV7rrv27TBUKdfuq0zPaZ+yhjt7mHtPobjhdA0ppYAvb+hhFJWUVKu4YBXcm94ze3VvtpKFFv+QRNC9dhZVEfHQcmNJkyjqsJHMd9BBu19wRsmkVm+U3J+W1llxFLVgT2N36B42TrEOG9acM7jKOntjipZecx6dTlKKsv2XWsd8c9sFdqt7y5etllzno30yUdhxXi1C1q0kHW4u7LS2u4E16XRa54A1\/4FOmXYxldB0XdPTamXXv1M10+qlyckkcpdya7Fz3th91QYc\/ObaKFxtpHQNJ9fftvuG3Da7h1KEL9gNOLvaJ8mrxcBuytoaNgpItjR1fzV4qhz613MTKs\/vhXga9+TATDXfbrcPsqWwD3PVcru9Md\/G\/tpGu13OZmbfaD87vxH6YKlWzZfL+dBcIYSG339OjNH2nqUahbXtRDOa5o+H0KWC\/1dZFtq6vPtJTqENuBENP5+w627k5EhVs7P5dfw6kB4\/EUa2qWrw7fr++83xj\/OrzY5JTvalVJ3jfXmtNHyyD\/i1j\/g9+3pxd3I6ergeEhfE4yc6JtkuKbplJbaswXD4snV0\/fB0f3k5Go3IIdOnpydUX2wd27\/f3JAPyFnTo9H908P10dHWy3BoQaKf6YBkLh4gO73os8l4TkX\/fByjiJ6QHuEeISEhISEhISEhISEhISEhISEhISEhISEhISEhISEhISEhISEhISEhISEhISEhISEhISEhISEhobfpf7mqqSodFJXmAAAAAElFTkSuQmCC\" width=\"109\" height=\"52\" \/><\/a><\/p>\n<p style=\"text-align: center\">Fotos das aulas<\/p>\n\n\t\t<style type=\"text\/css\">\n\t\t\t#gallery-1 {\n\t\t\t\tmargin: auto;\n\t\t\t}\n\t\t\t#gallery-1 .gallery-item {\n\t\t\t\tfloat: left;\n\t\t\t\tmargin-top: 10px;\n\t\t\t\ttext-align: center;\n\t\t\t\twidth: 33%;\n\t\t\t}\n\t\t\t#gallery-1 img {\n\t\t\t\tborder: 2px solid #cfcfcf;\n\t\t\t}\n\t\t\t#gallery-1 .gallery-caption {\n\t\t\t\tmargin-left: 0;\n\t\t\t}\n\t\t\t\/* see gallery_shortcode() in wp-includes\/media.php *\/\n\t\t<\/style>\n\t\t<div id='gallery-1' class='gallery galleryid-117 gallery-columns-3 gallery-size-thumbnail'><dl class='gallery-item'>\n\t\t\t<dt class='gallery-icon landscape'>\n\t\t\t\t<a href='https:\/\/portais.sertao.ifrs.edu.br\/nesma\/disciplinas\/maquinas-e-implementos-agricolas\/20150817_152858\/'><img loading=\"lazy\" decoding=\"async\" width=\"212\" height=\"119\" src=\"https:\/\/portais.sertao.ifrs.edu.br\/nesma\/wp-content\/uploads\/sites\/3\/2018\/02\/20150817_152858-212x119.jpg\" class=\"attachment-thumbnail size-thumbnail\" alt=\"\" srcset=\"https:\/\/portais.sertao.ifrs.edu.br\/nesma\/wp-content\/uploads\/sites\/3\/2018\/02\/20150817_152858-212x119.jpg 212w, https:\/\/portais.sertao.ifrs.edu.br\/nesma\/wp-content\/uploads\/sites\/3\/2018\/02\/20150817_152858-424x239.jpg 424w, https:\/\/portais.sertao.ifrs.edu.br\/nesma\/wp-content\/uploads\/sites\/3\/2018\/02\/20150817_152858-768x432.jpg 768w, https:\/\/portais.sertao.ifrs.edu.br\/nesma\/wp-content\/uploads\/sites\/3\/2018\/02\/20150817_152858-1536x864.jpg 1536w, https:\/\/portais.sertao.ifrs.edu.br\/nesma\/wp-content\/uploads\/sites\/3\/2018\/02\/20150817_152858-2048x1152.jpg 2048w\" sizes=\"(max-width: 212px) 100vw, 212px\" \/><\/a>\n\t\t\t<\/dt><\/dl><dl class='gallery-item'>\n\t\t\t<dt class='gallery-icon landscape'>\n\t\t\t\t<a href='https:\/\/portais.sertao.ifrs.edu.br\/nesma\/imagem-de-capa\/experimentos-com-agricultura-de-precisao\/img-20170605-wa0063\/'><img loading=\"lazy\" decoding=\"async\" width=\"212\" height=\"159\" src=\"https:\/\/portais.sertao.ifrs.edu.br\/nesma\/wp-content\/uploads\/sites\/3\/2018\/02\/IMG-20170605-WA0063-212x159.jpg\" class=\"attachment-thumbnail size-thumbnail\" alt=\"\" srcset=\"https:\/\/portais.sertao.ifrs.edu.br\/nesma\/wp-content\/uploads\/sites\/3\/2018\/02\/IMG-20170605-WA0063-212x159.jpg 212w, https:\/\/portais.sertao.ifrs.edu.br\/nesma\/wp-content\/uploads\/sites\/3\/2018\/02\/IMG-20170605-WA0063-424x318.jpg 424w, https:\/\/portais.sertao.ifrs.edu.br\/nesma\/wp-content\/uploads\/sites\/3\/2018\/02\/IMG-20170605-WA0063-768x576.jpg 768w, https:\/\/portais.sertao.ifrs.edu.br\/nesma\/wp-content\/uploads\/sites\/3\/2018\/02\/IMG-20170605-WA0063.jpg 1280w\" sizes=\"(max-width: 212px) 100vw, 212px\" \/><\/a>\n\t\t\t<\/dt><\/dl><dl class='gallery-item'>\n\t\t\t<dt class='gallery-icon landscape'>\n\t\t\t\t<a href='https:\/\/portais.sertao.ifrs.edu.br\/nesma\/disciplinas\/tratores-agricolas-agronomia\/2014-08-20-5179\/'><img loading=\"lazy\" decoding=\"async\" width=\"212\" height=\"119\" src=\"https:\/\/portais.sertao.ifrs.edu.br\/nesma\/wp-content\/uploads\/sites\/3\/2018\/02\/2014-08-20-5179-212x119.jpg\" class=\"attachment-thumbnail size-thumbnail\" alt=\"\" srcset=\"https:\/\/portais.sertao.ifrs.edu.br\/nesma\/wp-content\/uploads\/sites\/3\/2018\/02\/2014-08-20-5179-212x119.jpg 212w, https:\/\/portais.sertao.ifrs.edu.br\/nesma\/wp-content\/uploads\/sites\/3\/2018\/02\/2014-08-20-5179-424x238.jpg 424w, https:\/\/portais.sertao.ifrs.edu.br\/nesma\/wp-content\/uploads\/sites\/3\/2018\/02\/2014-08-20-5179-768x432.jpg 768w, https:\/\/portais.sertao.ifrs.edu.br\/nesma\/wp-content\/uploads\/sites\/3\/2018\/02\/2014-08-20-5179-1536x863.jpg 1536w, https:\/\/portais.sertao.ifrs.edu.br\/nesma\/wp-content\/uploads\/sites\/3\/2018\/02\/2014-08-20-5179.jpg 2048w\" sizes=\"(max-width: 212px) 100vw, 212px\" \/><\/a>\n\t\t\t<\/dt><\/dl><br style=\"clear: both\" \/><dl class='gallery-item'>\n\t\t\t<dt class='gallery-icon landscape'>\n\t\t\t\t<a href='https:\/\/portais.sertao.ifrs.edu.br\/nesma\/disciplinas\/tratores-agricolas-agronomia\/2014-08-27-5248\/'><img loading=\"lazy\" decoding=\"async\" width=\"212\" height=\"119\" src=\"https:\/\/portais.sertao.ifrs.edu.br\/nesma\/wp-content\/uploads\/sites\/3\/2018\/02\/2014-08-27-5248-212x119.jpg\" class=\"attachment-thumbnail size-thumbnail\" alt=\"\" srcset=\"https:\/\/portais.sertao.ifrs.edu.br\/nesma\/wp-content\/uploads\/sites\/3\/2018\/02\/2014-08-27-5248-212x119.jpg 212w, https:\/\/portais.sertao.ifrs.edu.br\/nesma\/wp-content\/uploads\/sites\/3\/2018\/02\/2014-08-27-5248-424x238.jpg 424w, https:\/\/portais.sertao.ifrs.edu.br\/nesma\/wp-content\/uploads\/sites\/3\/2018\/02\/2014-08-27-5248-768x432.jpg 768w, https:\/\/portais.sertao.ifrs.edu.br\/nesma\/wp-content\/uploads\/sites\/3\/2018\/02\/2014-08-27-5248-1536x863.jpg 1536w, https:\/\/portais.sertao.ifrs.edu.br\/nesma\/wp-content\/uploads\/sites\/3\/2018\/02\/2014-08-27-5248.jpg 2048w\" sizes=\"(max-width: 212px) 100vw, 212px\" \/><\/a>\n\t\t\t<\/dt><\/dl><dl class='gallery-item'>\n\t\t\t<dt class='gallery-icon landscape'>\n\t\t\t\t<a href='https:\/\/portais.sertao.ifrs.edu.br\/nesma\/disciplinas\/tratores-agricolas-agronomia\/sam_0960-smile\/'><img loading=\"lazy\" decoding=\"async\" width=\"212\" height=\"159\" src=\"https:\/\/portais.sertao.ifrs.edu.br\/nesma\/wp-content\/uploads\/sites\/3\/2018\/02\/SAM_0960-SMILE-212x159.jpg\" class=\"attachment-thumbnail size-thumbnail\" alt=\"\" srcset=\"https:\/\/portais.sertao.ifrs.edu.br\/nesma\/wp-content\/uploads\/sites\/3\/2018\/02\/SAM_0960-SMILE-212x159.jpg 212w, https:\/\/portais.sertao.ifrs.edu.br\/nesma\/wp-content\/uploads\/sites\/3\/2018\/02\/SAM_0960-SMILE-424x318.jpg 424w, https:\/\/portais.sertao.ifrs.edu.br\/nesma\/wp-content\/uploads\/sites\/3\/2018\/02\/SAM_0960-SMILE-768x576.jpg 768w, https:\/\/portais.sertao.ifrs.edu.br\/nesma\/wp-content\/uploads\/sites\/3\/2018\/02\/SAM_0960-SMILE-1536x1152.jpg 1536w, https:\/\/portais.sertao.ifrs.edu.br\/nesma\/wp-content\/uploads\/sites\/3\/2018\/02\/SAM_0960-SMILE.jpg 2048w\" sizes=\"(max-width: 212px) 100vw, 212px\" \/><\/a>\n\t\t\t<\/dt><\/dl>\n\t\t\t<br style='clear: both' \/>\n\t\t<\/div>\n\n<h2 style=\"text-align: center\"><\/h2>\n","protected":false},"excerpt":{"rendered":"<p>Objetivo Geral Capacitar o estudante o conhecimento do funcionamento dos motores de combust\u00e3o interna e seus constituintes, bem como, a execu\u00e7\u00e3o da manuten\u00e7\u00e3o e opera\u00e7\u00e3o de tratores, utilizando aspectos de seguran\u00e7a. Ementa Princ\u00edpios de funcionamento de motores de combust\u00e3o interna e seus constituintes; Sistema de alimenta\u00e7\u00e3o, arrefecimento e lubrifica\u00e7\u00e3o; Mecanismos de transmiss\u00e3o; Condi\u00e7\u00f5es de equil\u00edbrio [&hellip;]<\/p>\n","protected":false},"author":1,"featured_media":0,"parent":68,"menu_order":0,"comment_status":"closed","ping_status":"closed","template":"","meta":{"_acf_changed":false,"footnotes":""},"class_list":["post-117","page","type-page","status-publish","hentry"],"acf":[],"_links":{"self":[{"href":"https:\/\/portais.sertao.ifrs.edu.br\/nesma\/wp-json\/wp\/v2\/pages\/117","targetHints":{"allow":["GET"]}}],"collection":[{"href":"https:\/\/portais.sertao.ifrs.edu.br\/nesma\/wp-json\/wp\/v2\/pages"}],"about":[{"href":"https:\/\/portais.sertao.ifrs.edu.br\/nesma\/wp-json\/wp\/v2\/types\/page"}],"author":[{"embeddable":true,"href":"https:\/\/portais.sertao.ifrs.edu.br\/nesma\/wp-json\/wp\/v2\/users\/1"}],"replies":[{"embeddable":true,"href":"https:\/\/portais.sertao.ifrs.edu.br\/nesma\/wp-json\/wp\/v2\/comments?post=117"}],"version-history":[{"count":0,"href":"https:\/\/portais.sertao.ifrs.edu.br\/nesma\/wp-json\/wp\/v2\/pages\/117\/revisions"}],"up":[{"embeddable":true,"href":"https:\/\/portais.sertao.ifrs.edu.br\/nesma\/wp-json\/wp\/v2\/pages\/68"}],"wp:attachment":[{"href":"https:\/\/portais.sertao.ifrs.edu.br\/nesma\/wp-json\/wp\/v2\/media?parent=117"}],"curies":[{"name":"wp","href":"https:\/\/api.w.org\/{rel}","templated":true}]}}