{"id":130,"date":"2018-02-06T12:02:50","date_gmt":"2018-02-06T14:02:50","guid":{"rendered":"http:\/\/200.132.218.46\/nesma\/?page_id=130"},"modified":"2018-02-06T12:02:50","modified_gmt":"2018-02-06T14:02:50","slug":"arquivos-modelo","status":"publish","type":"page","link":"https:\/\/portais.sertao.ifrs.edu.br\/nesma\/disciplinas\/arquivos-modelo\/","title":{"rendered":"Arquivos modelo"},"content":{"rendered":"<p>Abaixo h\u00e1 arquivos de modelo usados em trabalhos das disciplinas de mecaniza\u00e7\u00e3o agr\u00edcola.<\/p>\n<p><a href=\"https:\/\/portais.sertao.ifrs.edu.br\/nesma\/wp-content\/uploads\/sites\/3\/2018\/02\/Avalia\u00e7\u00e3o-da-apresenta\u00e7\u00e3o.pdf\">Avalia\u00e7\u00e3o de apresenta\u00e7\u00f5es de trabalhos<\/a><\/p>\n<p><a href=\"https:\/\/portais.sertao.ifrs.edu.br\/nesma\/wp-content\/uploads\/sites\/3\/2018\/07\/Modelo-de-laudo.docx\">Modelo de laudo de avalia\u00e7\u00e3o da mecaniza\u00e7\u00e3o das propriedades<\/a><\/p>\n<p><a href=\"https:\/\/portais.sertao.ifrs.edu.br\/nesma\/wp-content\/uploads\/sites\/3\/2018\/02\/Modelo-de-relat\u00f3rio.docx\">Relat\u00f3rio de aula pr\u00e1tica &#8211; Agronomia<\/a><\/p>\n<p><a href=\"https:\/\/portais.sertao.ifrs.edu.br\/nesma\/wp-content\/uploads\/sites\/3\/2018\/02\/Modelo-de-relat\u00f3rio-TA.docx\">Relat\u00f3rio de aula pr\u00e1tica &#8211; T\u00e9cnico em Agropecu\u00e1ria<\/a><\/p>\n<p><a href=\"https:\/\/portais.sertao.ifrs.edu.br\/nesma\/wp-content\/uploads\/sites\/3\/2018\/02\/Regulamento-da-Ciencia-Rural.pdf\">Regulamento da revista Ci\u00eancia Rural &#8211; artigo do projeto de AP<\/a><\/p>\n<p>&nbsp;<\/p>\n<p>&nbsp;<\/p>\n","protected":false},"excerpt":{"rendered":"<p>Abaixo h\u00e1 arquivos de modelo usados em trabalhos das disciplinas de mecaniza\u00e7\u00e3o agr\u00edcola. Avalia\u00e7\u00e3o de apresenta\u00e7\u00f5es de trabalhos Modelo de laudo de avalia\u00e7\u00e3o da mecaniza\u00e7\u00e3o das propriedades Relat\u00f3rio de aula pr\u00e1tica &#8211; Agronomia Relat\u00f3rio de aula pr\u00e1tica &#8211; T\u00e9cnico em Agropecu\u00e1ria Regulamento da revista Ci\u00eancia Rural &#8211; artigo do projeto de AP &nbsp; &nbsp;<\/p>\n","protected":false},"author":1,"featured_media":0,"parent":68,"menu_order":0,"comment_status":"closed","ping_status":"closed","template":"","meta":{"_acf_changed":false,"footnotes":""},"class_list":["post-130","page","type-page","status-publish","hentry"],"acf":[],"_links":{"self":[{"href":"https:\/\/portais.sertao.ifrs.edu.br\/nesma\/wp-json\/wp\/v2\/pages\/130","targetHints":{"allow":["GET"]}}],"collection":[{"href":"https:\/\/portais.sertao.ifrs.edu.br\/nesma\/wp-json\/wp\/v2\/pages"}],"about":[{"href":"https:\/\/portais.sertao.ifrs.edu.br\/nesma\/wp-json\/wp\/v2\/types\/page"}],"author":[{"embeddable":true,"href":"https:\/\/portais.sertao.ifrs.edu.br\/nesma\/wp-json\/wp\/v2\/users\/1"}],"replies":[{"embeddable":true,"href":"https:\/\/portais.sertao.ifrs.edu.br\/nesma\/wp-json\/wp\/v2\/comments?post=130"}],"version-history":[{"count":0,"href":"https:\/\/portais.sertao.ifrs.edu.br\/nesma\/wp-json\/wp\/v2\/pages\/130\/revisions"}],"up":[{"embeddable":true,"href":"https:\/\/portais.sertao.ifrs.edu.br\/nesma\/wp-json\/wp\/v2\/pages\/68"}],"wp:attachment":[{"href":"https:\/\/portais.sertao.ifrs.edu.br\/nesma\/wp-json\/wp\/v2\/media?parent=130"}],"curies":[{"name":"wp","href":"https:\/\/api.w.org\/{rel}","templated":true}]}}