{"id":158,"date":"2018-02-18T07:19:16","date_gmt":"2018-02-18T10:19:16","guid":{"rendered":"http:\/\/200.132.218.46\/nesma\/?page_id=158"},"modified":"2018-02-18T07:19:16","modified_gmt":"2018-02-18T10:19:16","slug":"mecanizacao-agricola-subsequente","status":"publish","type":"page","link":"https:\/\/portais.sertao.ifrs.edu.br\/nesma\/disciplinas\/mecanizacao-agricola-subsequente\/","title":{"rendered":"Mecaniza\u00e7\u00e3o agr\u00edcola &#8211; Subsequente"},"content":{"rendered":"<p><img decoding=\"async\" class=\"size-medium alignleft\" src=\"https:\/\/static.wixstatic.com\/media\/ef3fa3_e9104adb5ddf4f4eae0a665d273d7dcb.jpg\/v1\/fill\/w_143,h_97,al_c,q_80,usm_0.66_1.00_0.01\/ef3fa3_e9104adb5ddf4f4eae0a665d273d7dcb.webp\" width=\"143\" height=\"97\" \/><\/p>\n<h2><span style=\"color: #339966\">Objetivo Geral<\/span><\/h2>\n<h2><span style=\"color: #339966\"><a href=\"https:\/\/calendar.google.com\/calendar\/r\/month\/2019\/4\/1?tab=mc&amp;pli=1\"><img decoding=\"async\" class=\" wp-image-667 alignright\" src=\"https:\/\/portais.sertao.ifrs.edu.br\/nesma\/wp-content\/uploads\/sites\/3\/2019\/02\/Agenda-298x318.png\" alt=\"\" width=\"133\" height=\"142\" srcset=\"https:\/\/portais.sertao.ifrs.edu.br\/nesma\/wp-content\/uploads\/sites\/3\/2019\/02\/Agenda-298x318.png 298w, https:\/\/portais.sertao.ifrs.edu.br\/nesma\/wp-content\/uploads\/sites\/3\/2019\/02\/Agenda-149x159.png 149w, https:\/\/portais.sertao.ifrs.edu.br\/nesma\/wp-content\/uploads\/sites\/3\/2019\/02\/Agenda-768x821.png 768w, https:\/\/portais.sertao.ifrs.edu.br\/nesma\/wp-content\/uploads\/sites\/3\/2019\/02\/Agenda.png 1053w\" sizes=\"(max-width: 133px) 100vw, 133px\" \/><\/a><\/span><\/h2>\n<p>Atribuir o conhecimento dos funcionamentos, manuten\u00e7\u00e3o, opera\u00e7\u00e3o e regulagens das m\u00e1quinas e implementos agr\u00edcolas e zoot\u00e9cnicas, racionalizando e potencializando a sua opera\u00e7\u00e3o, respeitando os cuidados com ergonomia e seguran\u00e7a, bem como, conhecer e operar t\u00e9cnicas de agricultura de precis\u00e3o.<\/p>\n<h2><span style=\"color: #339966\">Ementa<\/span><\/h2>\n<p>Normas de seguran\u00e7a e ergonomia; Funcionamento, manuten\u00e7\u00e3o e constituintes de motores de combust\u00e3o interna de 2 e 4 tempos; Efici\u00eancia e rendimento de m\u00e1quinas e implementos agr\u00edcolas; Tipos, regulagem e manuten\u00e7\u00e3o de m\u00e1quinas para o preparo do solo, plantio, tratos culturais, semeadura e colheita; T\u00e9cnicas envoltas em agricultura de precis\u00e3o.<\/p>\n<h2><span style=\"color: #339966\">Bibliografia B\u00e1sica<\/span><\/h2>\n<ul class=\"font_8\">\n<li>\n<p class=\"font_8\">BALASTREIRE, L.A. Maquinas agr\u00edcola. S\u00e3o Paulo: Manole, 1987. 307p.<\/p>\n<p class=\"font_8\">GALETI, P. A. Mecaniza\u00e7\u00e3o agr\u00edcola &#8211; preparo do solo. Campinas: Instituto Campineiro de Ensino. Agr\u00edcola, 1983. 220p.<\/p>\n<\/li>\n<li>\n<p class=\"font_8\">MIALHE, L. G. M\u00e1quinas motoras na agricultura. Piracicaba, 1980, v.2, 368p.<\/p>\n<\/li>\n<\/ul>\n<h2><span style=\"color: #339966\">Bibliografia Complementar<\/span><\/h2>\n<ul>\n<li>REIS, \u00c2.V. dos R.; MACHADO, \u00c2.L.T.; TILLMANN, C.\u00c2. da C.; MORAES, M.L.B. de. Motores, Tratores, Combust\u00edvel e Lubrificantes. UFPel, Ed. Gr\u00e1fica Universit\u00e1ria, 2005. 256p.<\/li>\n<\/ul>\n<h2>_____________________________________________________________________________<\/h2>\n<h2><span style=\"color: #339966\">Recupera\u00e7\u00e3o paralela<\/span><\/h2>\n<p class=\"font_8\">Para aqueles acad\u00eamicos (as) que possuem uma maior dificuldade de aprendizagem,\u00a0ser\u00e1 oferecida aulas de refor\u00e7o com o professor e com bolsistas do setor, sendo que para\u00a0recupera\u00e7\u00e3o paralela poder\u00e1 ser feito apenas das avalia\u00e7\u00f5es presenciais, os trabalhos e\u00a0relat\u00f3rios que ser\u00e3o feitos, \u00a0 \u2018os alunos devem procurar o professor anterior a entrega\u00a0para solicitar auxilio, assim, \u00e9 feito anterior a entrega a recupera\u00e7\u00e3o j\u00e1. Nas avalia\u00e7\u00f5es\u00a0poder\u00e1 ser feito uma prova substitutiva para aqueles que:<\/p>\n<ol class=\"font_8\">\n<li>\n<p class=\"font_8\">Tiverem 50% de participa\u00e7\u00e3o nas aulas de apoio nos hor\u00e1rios oferecidos pelo professor para atendimento;<\/p>\n<\/li>\n<li>\n<p class=\"font_8\">Tiver nota abaixo de 5,5;<\/p>\n<\/li>\n<li>\n<p class=\"font_8\">Tiver 75% de frequ\u00eancia;<\/p>\n<\/li>\n<li>\n<p class=\"font_8\">N\u00e3o ter sido pego com cola na prova ou nos trabalhos.<\/p>\n<\/li>\n<\/ol>\n<p class=\"font_8\">A recupera\u00e7\u00e3o paralela dever\u00e1 ser solicitada por aqueles que se enquadrarem acima\u00a0em at\u00e9 76h ap\u00f3s a publica\u00e7\u00e3o da prova, ap\u00f3s perde-se o direito de faz\u00ea-la.<\/p>\n<p>_____________________________________________________________________________________________________________________<\/p>\n<h2 style=\"text-align: center\"><a href=\"https:\/\/portais.sertao.ifrs.edu.br\/nesma\/wp-content\/uploads\/sites\/3\/2019\/02\/Cronograma-de-aula19.pdf\">Cronograma das aulas<\/a><\/h2>\n<h2 style=\"text-align: center\"><a href=\"https:\/\/docs.google.com\/spreadsheets\/d\/18oRuMVLGJ7Ywtb2a43VvUu2S_smye2MC_QBFisJgUbs\/edit?usp=sharing\">\u00a0Caderno de notas<\/a><\/h2>\n<h2>_____________________________________________________________________________<\/h2>\n<h2 style=\"text-align: center\"><span style=\"color: #339966\">Aulas\u00a0 \u00a0 \u00a0 \u00a0 \u00a0 \u00a0 \u00a0 \u00a0 \u00a0 \u00a0 \u00a0 \u00a0 \u00a0 \u00a0 \u00a0 \u00a0 \u00a0 \u00a0 \u00a0 \u00a0 \u00a0<\/span><\/h2>\n<p><a href=\"https:\/\/portais.sertao.ifrs.edu.br\/nesma\/wp-content\/uploads\/sites\/3\/2018\/02\/Preparo-de-Tratores-agr\u00edcolas-TA.pdf\">Tratores, classifica\u00e7\u00e3o, opera\u00e7\u00e3o <\/a><\/p>\n<p><a href=\"https:\/\/portais.sertao.ifrs.edu.br\/nesma\/wp-content\/uploads\/sites\/3\/2018\/03\/Motores-de-combust\u00e3o-interna.pdf\">Motores de combust\u00e3o interna<\/a><\/p>\n<p><a href=\"https:\/\/portais.sertao.ifrs.edu.br\/nesma\/wp-content\/uploads\/sites\/3\/2018\/03\/Sistema-de-alimenta\u00e7\u00e3o.pdf\">Sistema de alimenta\u00e7\u00e3o<\/a><\/p>\n<p><a href=\"https:\/\/portais.sertao.ifrs.edu.br\/nesma\/wp-content\/uploads\/sites\/3\/2018\/03\/Sistema-de-arrefecimento-TA.pdf\">Sistema de arrefecimento<\/a><\/p>\n<p><a href=\"https:\/\/portais.sertao.ifrs.edu.br\/nesma\/wp-content\/uploads\/sites\/3\/2018\/03\/Sistemas-de-lubrifica\u00e7\u00e3o-TA.pdf\">Sistemas de lubrifica\u00e7\u00e3o<\/a><\/p>\n<p><a href=\"https:\/\/portais.sertao.ifrs.edu.br\/nesma\/wp-content\/uploads\/sites\/3\/2018\/04\/Colheita-p\u00f3s-m\u00e9dio.pdf\">Colheita<\/a><\/p>\n<p><a href=\"https:\/\/portais.sertao.ifrs.edu.br\/nesma\/wp-content\/uploads\/sites\/3\/2018\/06\/Pulveriza\u00e7\u00e3o.pdf\">Pulveriza\u00e7\u00e3o<\/a><\/p>\n<p><a href=\"https:\/\/portais.sertao.ifrs.edu.br\/nesma\/wp-content\/uploads\/sites\/3\/2018\/06\/Semeadura.pdf\">Semeadura<\/a><\/p>\n<p>_________________________________________________________________________________________________<\/p>\n<h2 style=\"text-align: center\"><span style=\"color: #339966\">Trabalhos\u00a0<\/span><\/h2>\n<p><a href=\"https:\/\/portais.sertao.ifrs.edu.br\/nesma\/wp-content\/uploads\/sites\/3\/2018\/04\/Modelo-de-relat\u00f3rio.docx\">Modelo de relat\u00f3rio<\/a><\/p>\n<p>_________________________________________________________________________________________________<\/p>\n<h2 style=\"text-align: center\"><span style=\"color: #339966\">Lista de exerc\u00edcios<\/span><\/h2>\n<p><a href=\"https:\/\/portais.sertao.ifrs.edu.br\/nesma\/wp-content\/uploads\/sites\/3\/2018\/06\/Exerc\u00edcio-de-pulveriza\u00e7\u00e3o.docx\">Exerc\u00edcio de pulveriza\u00e7\u00e3o<\/a><\/p>\n<p><a href=\"https:\/\/portais.sertao.ifrs.edu.br\/nesma\/wp-content\/uploads\/sites\/3\/2018\/08\/Calibra\u00e7\u00e3o-de-distribuidores.docx\">Calibra\u00e7\u00e3o de distribuidores<\/a><\/p>\n<p><a href=\"https:\/\/portais.sertao.ifrs.edu.br\/nesma\/wp-content\/uploads\/sites\/3\/2019\/04\/Lista-de-exerc\u00edcios-sobre-regulagem-de-semeadora.pdf\">Lista de exerc\u00edcios sobre regulagem de semeadora<\/a><\/p>\n<p style=\"text-align: center\">\u00a0D\u00favidas? acesse os v\u00eddeos do nosso canal no youtube\u00a0<a href=\"https:\/\/www.youtube.com\/channel\/UCBFAlw72xRzSAasmxP17PJQ\"><img decoding=\"async\" class=\"aligncenter\" src=\"image\/png;base64,iVBORw0KGgoAAAANSUhEUgAAAUUAAACbCAMAAADC6XmEAAABBVBMVEX\/\/\/\/+AAAoKCgdHR0lJSV6enojIyMuLi4YGBggICD09PQWFhbY2NgRERH39\/fKysoHBwdoaGjq6uq\/v79LS0vi4uL3AADt7e2oqKj\/\/\/3sAAAMDAx1dXVGRkbzAADS0tKcnJziDw7\/4uOzs7PmAABsbGz\/+\/+FhYVVVVU7Ozs0NDSNjY1eXl5ISEj\/9\/LDw8P\/7Or9u7j+19fvaGfzmZnzcHPkW2DygILiFRnsPkLyU1P2p6LrLC7yi4j0xMbpdXP3\/\/fjIC3tYl37rq3yQ0Lzu77\/49vy\/\/71kJLqVVT9trndMS7\/5+DwnaP7zcXhICL8yLr92dDysqjvdmr++Or\/zdP0oJU2FF\/EAAAOJUlEQVR4nO2ci1\/iuBbHa6lAKeVNMQURBaqgIiqOT9TVcZxR17mz9+79\/\/+UmzQ56RModUD3mt86n9VS0uTbPE5OTiJJQkJCQkJCQkJCQkJCQkJCQkJCQkJCQkJCQkJCQkJCQkJCQkJCQkJCQkJCQkJC\/xghJCHndzTtVs+XPosQ++f84voMudF5NCU9+HTqbf9nsovqgEFoMBgOt46Ojv5+eHp6uh+NvmONT09vbk6Ose6Oj0+OT05OT8fk+mg0uj88PLzGt29tDQcDmghJzPpECCW7yLeP+P+D4a+H+9Hp8Y+Lr1ebHVum2SQybK1wGVz2x6Zp0tt\/fj3\/8eXm++XT9daAELQ+UZO28A8aHo7Pz0yCzVihwNzYpsjw3kfRmmfPX0ZHCKf7aSjeWpL153OnOZFMJJSUvOtSs3Nz9N5Fi6TMTqWCf7BW35IM+vXDnI9aJLIrRmc0+AfUxUxKTSpYyUQxXgK0wb3+bM5Z96Kq8++B9YhcvWN5FXTgzkcbrjY24hWktDpNranfzaQU2ZYak6LdKX47MxZDkdTGMe4bXRQPCgmqesOdi3WNXS5U4xWjCumGSZ9O5zdQlNDworni6dF+J8aVzr3naTWZKbnuvqqGXZ1HVU2RJ0rtTv3umyki6RF9N43FMKQYfw49XWMRgOk152K+wC5qu\/HKgSlOhrgEitLLmWFEtWrmI0jTbI6Q5XriGhS3nncutnSgmA9kMZrem+KluajmzGyf86F7WpmF4mot5yJUUCVVC2Qxmt6TIpn5HS+qNYM6r54ZTC+Y5QxcS0wv7hS9M8XhzwVDXDEvPS6O1TSrd71cAIG+FqsYJImCxpTg8BS4VFjsGI1L96uzaIrGicdTVOZ9IDdq2ryvjGnn4FG+BdpOAsQdfq099bu\/geJf5qJb9Mr5wE2xlGR5rpfh0jarnsn9WKXwqsoSkxNR53Nvpoik8aKmLY7Ohp6H7rHKkuZWzTorRXo7Vim8yi6dIp5WHDdnY3ijOkeejrHF2q+6B6WArkw\/CMvknFo+RQlZ5wuviob54HnmBjOxFZmZNfk6K3cyrp3j1vIpImlwFZUiuS+WcW7gQdojGEO1LP17TfdVzjfpPShunUX2xRpxrfPm2PvULmvBGrNruupb7Ry33qFFS0cRDR2zE3+KY9x4nwmTQFbMHAwu9WzMQnj0Hv3idSSKhrH5Ou7E7UGNY+9Dqwmaa+bAqbJuUdnnZriUbTX25URC3m+seUzIXJULEuNi3w5QzPA7SuGJ+Chm2t1UQu1tB6f0tYPdIplm9Yq7ZXcXjh7MSDXM2NxCrz86scZzY+XC6\/DOVZitk7SLBWa4U3fKFV3DpPF\/SkJL7LkctyXuRtQZNMczeTCBYrngczNyX2RayQUptvs6ectKol70Dna13ZSepl7xhKandvmnCB1GXCrY3MJ3H57HW1j4OvC+U7CyC\/br3mV\/gRVeKxbAe0bLVnDcZSWdFhgXhFGEN8ISC6NYl+mXYJbOfZFKKkhxtcAdlel1N8a8rLtdmIrWh+aA0GXE6oUpWo9oODojRvq8A82V1+zm7kTq1tlhHJjDMbOeln2qc2u8BNNHeQ6K8B2VUwQSfopdqcEfQPLn6lnLWlL2Sk1VgeIoOkWsx8ejY9unO18XebblpZhRFadYGZap5A79sBiAiDHC6L1gio02uItZmrxTrqpBX3piByrjOCIPTBFPFy1Lwt2jOa\/Vs+mjKO3RJqv0MtgIZ2Vi\/sa1Os+lk29FrS6DorLf93JypqRF7ipSnGwVmJcD3USnCEEog\/s\/5ukeydqLnyK3dTCcNiukbg8iuT5kMqmlFM1fnMVSJIQSuua4KpPkNRNtwLtV0v2eCkSh+aCT+SjSLw3HZ8Y8C\/8d\/+o+OLw1PKCs0jwpNMNtnt1eXqq1eIESmWVQlBV9NZ9tOa0XplcNBk7pY0ugBNMG8ORF9nQ7jdKSHiXp1\/E8DjXTTxGc22Sxig0uCbqyyhe36ArMNs9veSkU6XSK+zthOlWDFlJve\/6E2dfd3BRt+NTqod81Zs6vzWsfRaiAeOZcY\/0Myx8wUWljyQJFhmTBFKHjWIdE2ZpkHr6h1jxVkz4CSXcRq5N\/gLDQfy6f6aRw9nsIUizXWTGkLFg9tgV+AKYcrG3Bigyb5yx4dJHZ7AZMWHCQtMCNXKGfQ1+u2G5lZF3Eo2ivjb6cRmzWPtcYKQg4IGosQ6yj5kuqdTYT4V2QUlo8RT6PLoPBo\/Q8uQCvU7nuTgBZ5\/EostjbX186UZw95qGfIvSGhY1dmkHWdFa5w5ZN+3ahxIWNJVLc4BT79t98jZIlmeVjYM2m+DU2RTvO23o6jzARD6HIRl+9zdxijBowUZLMQORBAHp5iRSddVmF2AY5eLewyFEFyomSTfEqJkWmWzT879XMrjGEIvNvq6v7Cn3nGc9Ll6GHWuMrhq0lUqxxi18l+SjxSARGsQR10V7HfBtFZGGK1l9XMytjCMWcAm4FWmJaQG5C8CAJTpEOn0ui6Iw3aYKJN2AY82o+irFbNDHBMcO\/78zZ9ncIRe7gptLpXKokT6RImSyLIp9B6cTszk+mmJVijy58p8a3Gzy6NOOMLg4eWtNoN1jlI\/L7UnTmoXZ\/fcBD2vwU9TdQJF4J\/DOgfrKV2VZ3CMVq2uUkATuMEwih2FgiRb5C7qOYDqf4Fqsbz14iOneCVjd+3fsuijD2TaFIS7g0ipBqeF3MeCjGnAGSULNfd2akejiJojM\/kJ1Yxml18SNQVLtlW21u1lKK0b0RbO3E3qclvYw3o3sjjIBPxy6cy5Go1D4axfAWLat1ncjxVtgtGp3M4etmQ8otGlz+0XyTZ4wo5wwvfDn\/47ToCRT9onUR3USnyDdRHl6Y8wVJBLy0tva4rcOX8z98XQyliNB4Hop4XJbQt5MIFmLgyyFyuWBhOf+fWReRNO\/q1XC8aRoRHWJU+L5N3xogKy4vzDos5394iopvJ02BUryMPkZbEhrcP5vGnCE79maNMIpVvskF1tI+DsX9cIrJymrDo649A0RPUeviN3z360WcVX0jsKrPCsMXgSqc4pS5S\/dd6mI91Or2CpEIk9kYjBUDN0o83YsXYWJcWGEPD6M4ZXRZ6gywN30G6KcYLdoJUzz6E0\/3YsU7Gf5op8kUqzyy\/cPMo21vxCyKkSPvrsyYQaDByLvJFGupj+HTqTnrWaTjC\/h0\/Ho5izZOvCEIdMUYhz46hCL3SCkBLy2dai\/bS6vYQdJVr6uYfKWWcRdlMNvHyjnGxGg0fRHJkyk6vbrip0g9kEuimHXmVYRWDZLk2yK6BaW\/vlPsNmyYaDBHdHw8hoHo+GkUK7wlMUOcm+YU0jutXvnXq6WiqijJpJpI2x3PsnZqRKXI1wDBywOhjmzG6qKYmZ8iRIHOpMjjXFjW4CH8BogWVBjF8SI29Xp19uI\/62giRd6A621fdvt2fnnsBIsCiELxgFNkTo\/STIr8ZbLKxzeHwfyAR\/Kwd3m5eIrnoUZ3KMW8d0h2FZDm3zFBIJSeW3YTKfI0Yf8m7\/UmUXSZi9RPAuu5SooFXRU8CUjS6wJOL\/GK7KaMSpHXNRZCVvaPjs4El17gwRSTKTpDBe1sczsw9QzG6dAW4KwJsV3vfG8hCx7nO3Tsd7usnb2RKToxY\/ZwWHJqGqt63J2mkLDq2rYTaziRIt++iesappbd4U72YPxiolWSMm3eXrnZugPhQhVyIQtfoGM2CY\/9suRd5tMpOiHB+t7abj9wKgePOJGTSnFPTuOCz6LItzTgUve6FU2VVehsg\/GLWqKXcrmPYXs6j\/BV+7uthsr7YhrRgUs3WliTtg1MY+V5OAdFp0uSVc05l0SHHc4HThFlVSVVEkIcJ1J0giBJZUuSUYbV+GBdlD0Rx9CA3cESSjrNk4PhCkno2+aiILLTysYTjmwLpeiEa7nF49Dd9cZWvQW23WSKeV+SepatnAVHF0+ogZzs8WythWWLPRKRVZRTs7mgU0xsiMRLHgZxAkVpux7Irao4G7Bano\/TO3zr1mSKUsUDp9CCMddPUS91PRsc3DuNi54oBFv1FlRF6VZ6eba3my4CIf5n\/oluJ7Vo3mV7rrv27TBUKdfuq0zPaZ+yhjt7mHtPobjhdA0ppYAvb+hhFJWUVKu4YBXcm94ze3VvtpKFFv+QRNC9dhZVEfHQcmNJkyjqsJHMd9BBu19wRsmkVm+U3J+W1llxFLVgT2N36B42TrEOG9acM7jKOntjipZecx6dTlKKsv2XWsd8c9sFdqt7y5etllzno30yUdhxXi1C1q0kHW4u7LS2u4E16XRa54A1\/4FOmXYxldB0XdPTamXXv1M10+qlyckkcpdya7Fz3th91QYc\/ObaKFxtpHQNJ9fftvuG3Da7h1KEL9gNOLvaJ8mrxcBuytoaNgpItjR1fzV4qhz613MTKs\/vhXga9+TATDXfbrcPsqWwD3PVcru9Md\/G\/tpGu13OZmbfaD87vxH6YKlWzZfL+dBcIYSG339OjNH2nqUahbXtRDOa5o+H0KWC\/1dZFtq6vPtJTqENuBENP5+w627k5EhVs7P5dfw6kB4\/EUa2qWrw7fr++83xj\/OrzY5JTvalVJ3jfXmtNHyyD\/i1j\/g9+3pxd3I6ergeEhfE4yc6JtkuKbplJbaswXD4snV0\/fB0f3k5Go3IIdOnpydUX2wd27\/f3JAPyFnTo9H908P10dHWy3BoQaKf6YBkLh4gO73os8l4TkX\/fByjiJ6QHuEeISEhISEhISEhISEhISEhISEhISEhISEhISEhISEhISEhISEhISEhISEhISEhISEhISEhISEhobfpf7mqqSodFJXmAAAAAElFTkSuQmCC\" width=\"109\" height=\"52\" \/><\/a>Fotos das aulas<\/p>\n\n\t\t<style type=\"text\/css\">\n\t\t\t#gallery-1 {\n\t\t\t\tmargin: auto;\n\t\t\t}\n\t\t\t#gallery-1 .gallery-item {\n\t\t\t\tfloat: left;\n\t\t\t\tmargin-top: 10px;\n\t\t\t\ttext-align: center;\n\t\t\t\twidth: 33%;\n\t\t\t}\n\t\t\t#gallery-1 img {\n\t\t\t\tborder: 2px solid #cfcfcf;\n\t\t\t}\n\t\t\t#gallery-1 .gallery-caption {\n\t\t\t\tmargin-left: 0;\n\t\t\t}\n\t\t\t\/* see gallery_shortcode() in wp-includes\/media.php *\/\n\t\t<\/style>\n\t\t<div id='gallery-1' class='gallery galleryid-158 gallery-columns-3 gallery-size-thumbnail'><dl class='gallery-item'>\n\t\t\t<dt class='gallery-icon landscape'>\n\t\t\t\t<a href='https:\/\/portais.sertao.ifrs.edu.br\/nesma\/disciplinas\/mecanizacao-agricola-subsequente\/img_20180323_100050459\/'><img loading=\"lazy\" decoding=\"async\" width=\"212\" height=\"119\" src=\"https:\/\/portais.sertao.ifrs.edu.br\/nesma\/wp-content\/uploads\/sites\/3\/2018\/03\/IMG_20180323_100050459-212x119.jpg\" class=\"attachment-thumbnail size-thumbnail\" alt=\"\" srcset=\"https:\/\/portais.sertao.ifrs.edu.br\/nesma\/wp-content\/uploads\/sites\/3\/2018\/03\/IMG_20180323_100050459-212x119.jpg 212w, https:\/\/portais.sertao.ifrs.edu.br\/nesma\/wp-content\/uploads\/sites\/3\/2018\/03\/IMG_20180323_100050459-424x239.jpg 424w, https:\/\/portais.sertao.ifrs.edu.br\/nesma\/wp-content\/uploads\/sites\/3\/2018\/03\/IMG_20180323_100050459-768x432.jpg 768w, https:\/\/portais.sertao.ifrs.edu.br\/nesma\/wp-content\/uploads\/sites\/3\/2018\/03\/IMG_20180323_100050459-1536x864.jpg 1536w, https:\/\/portais.sertao.ifrs.edu.br\/nesma\/wp-content\/uploads\/sites\/3\/2018\/03\/IMG_20180323_100050459-2048x1152.jpg 2048w\" sizes=\"(max-width: 212px) 100vw, 212px\" \/><\/a>\n\t\t\t<\/dt><\/dl><dl class='gallery-item'>\n\t\t\t<dt class='gallery-icon landscape'>\n\t\t\t\t<a href='https:\/\/portais.sertao.ifrs.edu.br\/nesma\/disciplinas\/mecanizacao-agricola-subsequente\/img_20180323_105525273\/'><img loading=\"lazy\" decoding=\"async\" width=\"212\" height=\"119\" src=\"https:\/\/portais.sertao.ifrs.edu.br\/nesma\/wp-content\/uploads\/sites\/3\/2018\/03\/IMG_20180323_105525273-212x119.jpg\" class=\"attachment-thumbnail size-thumbnail\" alt=\"\" srcset=\"https:\/\/portais.sertao.ifrs.edu.br\/nesma\/wp-content\/uploads\/sites\/3\/2018\/03\/IMG_20180323_105525273-212x119.jpg 212w, https:\/\/portais.sertao.ifrs.edu.br\/nesma\/wp-content\/uploads\/sites\/3\/2018\/03\/IMG_20180323_105525273-424x239.jpg 424w, https:\/\/portais.sertao.ifrs.edu.br\/nesma\/wp-content\/uploads\/sites\/3\/2018\/03\/IMG_20180323_105525273-768x432.jpg 768w, https:\/\/portais.sertao.ifrs.edu.br\/nesma\/wp-content\/uploads\/sites\/3\/2018\/03\/IMG_20180323_105525273-1536x864.jpg 1536w, https:\/\/portais.sertao.ifrs.edu.br\/nesma\/wp-content\/uploads\/sites\/3\/2018\/03\/IMG_20180323_105525273-2048x1152.jpg 2048w\" sizes=\"(max-width: 212px) 100vw, 212px\" \/><\/a>\n\t\t\t<\/dt><\/dl><dl class='gallery-item'>\n\t\t\t<dt class='gallery-icon landscape'>\n\t\t\t\t<a href='https:\/\/portais.sertao.ifrs.edu.br\/nesma\/disciplinas\/mecanizacao-agricola-subsequente\/img_20180323_105627386_burst000_cover_top\/'><img loading=\"lazy\" decoding=\"async\" width=\"212\" height=\"119\" src=\"https:\/\/portais.sertao.ifrs.edu.br\/nesma\/wp-content\/uploads\/sites\/3\/2018\/03\/IMG_20180323_105627386_BURST000_COVER_TOP-212x119.jpg\" class=\"attachment-thumbnail size-thumbnail\" alt=\"\" srcset=\"https:\/\/portais.sertao.ifrs.edu.br\/nesma\/wp-content\/uploads\/sites\/3\/2018\/03\/IMG_20180323_105627386_BURST000_COVER_TOP-212x119.jpg 212w, https:\/\/portais.sertao.ifrs.edu.br\/nesma\/wp-content\/uploads\/sites\/3\/2018\/03\/IMG_20180323_105627386_BURST000_COVER_TOP-424x239.jpg 424w, https:\/\/portais.sertao.ifrs.edu.br\/nesma\/wp-content\/uploads\/sites\/3\/2018\/03\/IMG_20180323_105627386_BURST000_COVER_TOP-768x432.jpg 768w, https:\/\/portais.sertao.ifrs.edu.br\/nesma\/wp-content\/uploads\/sites\/3\/2018\/03\/IMG_20180323_105627386_BURST000_COVER_TOP-1536x864.jpg 1536w, https:\/\/portais.sertao.ifrs.edu.br\/nesma\/wp-content\/uploads\/sites\/3\/2018\/03\/IMG_20180323_105627386_BURST000_COVER_TOP-2048x1152.jpg 2048w\" sizes=\"(max-width: 212px) 100vw, 212px\" \/><\/a>\n\t\t\t<\/dt><\/dl><br style=\"clear: both\" \/>\n\t\t<\/div>\n\n","protected":false},"excerpt":{"rendered":"<p>Objetivo Geral Atribuir o conhecimento dos funcionamentos, manuten\u00e7\u00e3o, opera\u00e7\u00e3o e regulagens das m\u00e1quinas e implementos agr\u00edcolas e zoot\u00e9cnicas, racionalizando e potencializando a sua opera\u00e7\u00e3o, respeitando os cuidados com ergonomia e seguran\u00e7a, bem como, conhecer e operar t\u00e9cnicas de agricultura de precis\u00e3o. Ementa Normas de seguran\u00e7a e ergonomia; Funcionamento, manuten\u00e7\u00e3o e constituintes de motores de combust\u00e3o [&hellip;]<\/p>\n","protected":false},"author":1,"featured_media":0,"parent":68,"menu_order":0,"comment_status":"closed","ping_status":"closed","template":"","meta":{"_acf_changed":false,"footnotes":""},"class_list":["post-158","page","type-page","status-publish","hentry"],"acf":[],"_links":{"self":[{"href":"https:\/\/portais.sertao.ifrs.edu.br\/nesma\/wp-json\/wp\/v2\/pages\/158","targetHints":{"allow":["GET"]}}],"collection":[{"href":"https:\/\/portais.sertao.ifrs.edu.br\/nesma\/wp-json\/wp\/v2\/pages"}],"about":[{"href":"https:\/\/portais.sertao.ifrs.edu.br\/nesma\/wp-json\/wp\/v2\/types\/page"}],"author":[{"embeddable":true,"href":"https:\/\/portais.sertao.ifrs.edu.br\/nesma\/wp-json\/wp\/v2\/users\/1"}],"replies":[{"embeddable":true,"href":"https:\/\/portais.sertao.ifrs.edu.br\/nesma\/wp-json\/wp\/v2\/comments?post=158"}],"version-history":[{"count":0,"href":"https:\/\/portais.sertao.ifrs.edu.br\/nesma\/wp-json\/wp\/v2\/pages\/158\/revisions"}],"up":[{"embeddable":true,"href":"https:\/\/portais.sertao.ifrs.edu.br\/nesma\/wp-json\/wp\/v2\/pages\/68"}],"wp:attachment":[{"href":"https:\/\/portais.sertao.ifrs.edu.br\/nesma\/wp-json\/wp\/v2\/media?parent=158"}],"curies":[{"name":"wp","href":"https:\/\/api.w.org\/{rel}","templated":true}]}}