{"id":167,"date":"2018-02-18T07:58:16","date_gmt":"2018-02-18T10:58:16","guid":{"rendered":"http:\/\/200.132.218.46\/nesma\/?page_id=167"},"modified":"2018-02-18T07:58:16","modified_gmt":"2018-02-18T10:58:16","slug":"materiais-extras","status":"publish","type":"page","link":"https:\/\/portais.sertao.ifrs.edu.br\/nesma\/materiais-extras\/","title":{"rendered":"Materiais extras"},"content":{"rendered":"<h1><span style=\"color: #008000\">\u00c1rea de M\u00e1quinas Agr\u00edcolas<\/span><\/h1>\n<p><span style=\"color: #008000\">____________________________________________________________________________________________________________________<\/span><\/p>\n<p><a href=\"https:\/\/books.google.com.br\/books\/about\/Dimensionamento_e_Planejamento_de_M%C3%A1qui.html?id=C--uDgAAQBAJ&amp;redir_esc=y\"><img decoding=\"async\" class=\"alignleft\" src=\"https:\/\/www.pacolivros.com.br\/imagem\/index\/15319096\/G\/dimensionamento_e_planejamento_de_maquinas_e_implementos_a.jpg\" width=\"108\" height=\"162\" \/><\/a>Dimensionamento de m\u00e1quinas e implementos agr\u00edcolas &#8211; David Peres da Rosa<\/p>\n<p>&nbsp;<\/p>\n<p>&nbsp;<\/p>\n<p>&nbsp;<\/p>\n<p>&nbsp;<\/p>\n<p><a href=\"https:\/\/acidentestrator.files.wordpress.com\/2012\/07\/livro-operac3a7c3a3o-com-tratores-agrc3adcolas.pdf\"><img decoding=\"async\" class=\"alignleft\" src=\"https:\/\/acidentestrator.files.wordpress.com\/2012\/07\/capa-do-livro1.jpg\" width=\"110\" height=\"155\" \/><\/a>Opera\u00e7\u00e3o com tratores agr\u00edcolas &#8211;\u00a0Leonardo de Almeida Monteiro e Paulo Roberto Arbex Silva<\/p>\n<p>Fonte: LIMA<\/p>\n<p>&nbsp;<\/p>\n<p>&nbsp;<\/p>\n<p>&nbsp;<\/p>\n<p><a href=\"https:\/\/indd.adobe.com\/view\/d6d57053-428e-4ab8-9607-a9fcd937f9dc\"><img decoding=\"async\" class=\"alignleft\" src=\"https:\/\/acidentestrator.files.wordpress.com\/2016\/01\/cover.png?w=645\" width=\"110\" height=\"165\" \/><\/a>Seguran\u00e7a na opera\u00e7\u00e3o com m\u00e1quinas agr\u00edcolas &#8211; Leonardo de Almeida Monteiro, Daniel Albiero<\/p>\n<p>Fonte: LIMA<\/p>\n<p>&nbsp;<\/p>\n<p>&nbsp;<\/p>\n<p>&nbsp;<\/p>\n<p>&nbsp;<\/p>\n<p><a href=\"https:\/\/acidentestrator.files.wordpress.com\/2012\/10\/apostila-de-operac3a7c3a3o-e-manutenc3a7c3a3o-de-tratores-agrc3adcolas.pdf\"><img loading=\"lazy\" decoding=\"async\" class=\"alignleft\" src=\"https:\/\/acidentestrator.files.wordpress.com\/2012\/10\/capa-apostila_final.jpg?w=106&amp;h=150\" width=\"110\" height=\"154\" \/><\/a>Apostila sobre opera\u00e7\u00e3o e manuten\u00e7\u00e3o de tratores agr\u00edcolas<\/p>\n<p>Fonte: LIMA<\/p>\n<p>&nbsp;<\/p>\n<p>&nbsp;<\/p>\n<p>&nbsp;<\/p>\n<p><a href=\"http:\/\/www.ufvjm.edu.br\/disciplinas\/agr045\/files\/2016\/11\/Apostila-de-manuten%C3%A7%C3%A3o-de-tratores-e-motores.pdf\"><img loading=\"lazy\" decoding=\"async\" class=\"size-thumbnail wp-image-185 alignleft\" src=\"http:\/\/200.132.218.46\/nesma\/wp-content\/uploads\/2018\/02\/Tratores-agr\u00edcolas-110x159.png\" alt=\"\" width=\"110\" height=\"159\" srcset=\"https:\/\/portais.sertao.ifrs.edu.br\/nesma\/wp-content\/uploads\/sites\/3\/2018\/02\/Tratores-agr\u00edcolas-110x159.png 110w, https:\/\/portais.sertao.ifrs.edu.br\/nesma\/wp-content\/uploads\/sites\/3\/2018\/02\/Tratores-agr\u00edcolas-219x318.png 219w, https:\/\/portais.sertao.ifrs.edu.br\/nesma\/wp-content\/uploads\/sites\/3\/2018\/02\/Tratores-agr\u00edcolas.png 478w\" sizes=\"(max-width: 110px) 100vw, 110px\" \/><\/a>Tratores agr\u00edcolas<\/p>\n<p>Fonte: Senar<\/p>\n<p>&nbsp;<\/p>\n<p>&nbsp;<\/p>\n<p>&nbsp;<\/p>\n<p>&nbsp;<\/p>\n<p><a href=\"https:\/\/acidentestrator.files.wordpress.com\/2012\/07\/prevenc3a7c3a3o-de-acidentes-com-tratores-agrc3adcola-e-florestais.pdf\"><img loading=\"lazy\" decoding=\"async\" class=\"alignleft\" src=\"https:\/\/i0.wp.com\/www.agrolink.com.br\/upload\/noticias\/prevencao_acidentes460_5_07.jpg\" width=\"112\" height=\"159\" \/><\/a>Preven\u00e7\u00e3o de acidentes com tratores agr\u00edcolas e florestal<\/p>\n<p>Fonte: LIMA<\/p>\n<p>&nbsp;<\/p>\n<p>&nbsp;<\/p>\n<p>&nbsp;<\/p>\n<p>&nbsp;<\/p>\n<p><a href=\"http:\/\/www.lima.ufc.br\/arquivos_pdf\/20140107085105.pdf\"><img loading=\"lazy\" decoding=\"async\" class=\"alignleft\" src=\"http:\/\/www.lima.ufc.br\/foto_conteudo\/conteudo_89_img_0.jpg\" width=\"112\" height=\"80\" \/><\/a><\/p>\n<p>Cartilha sobre Seguran\u00e7a no Uso de Tratores<\/p>\n<p>Fonte: LIMA<\/p>\n<p>&nbsp;<\/p>\n<p>&nbsp;<\/p>\n<p><a href=\"http:\/\/www.lima.ufc.br\/arquivos_pdf\/20160503104319.pdf\"><img loading=\"lazy\" decoding=\"async\" class=\"wp-image-171 alignleft\" src=\"http:\/\/200.132.218.46\/nesma\/wp-content\/uploads\/2018\/02\/Compacta\u00e7\u00e3o-218x318.png\" alt=\"\" width=\"110\" height=\"161\" srcset=\"https:\/\/portais.sertao.ifrs.edu.br\/nesma\/wp-content\/uploads\/sites\/3\/2018\/02\/Compacta\u00e7\u00e3o-218x318.png 218w, https:\/\/portais.sertao.ifrs.edu.br\/nesma\/wp-content\/uploads\/sites\/3\/2018\/02\/Compacta\u00e7\u00e3o-109x159.png 109w, https:\/\/portais.sertao.ifrs.edu.br\/nesma\/wp-content\/uploads\/sites\/3\/2018\/02\/Compacta\u00e7\u00e3o.png 476w\" sizes=\"(max-width: 110px) 100vw, 110px\" \/><\/a>Compacta\u00e7\u00e3o, Escarificador e Subsolador<\/p>\n<p>Fonte: LIMA<\/p>\n<p>&nbsp;<\/p>\n<p>&nbsp;<\/p>\n<p>&nbsp;<\/p>\n<p>&nbsp;<\/p>\n<p>&nbsp;<\/p>\n<p><a href=\"http:\/\/wwwp.feb.unesp.br\/abilio\/maqagri.pdf\"><img loading=\"lazy\" decoding=\"async\" class=\"wp-image-173 alignleft\" src=\"http:\/\/200.132.218.46\/nesma\/wp-content\/uploads\/2018\/02\/apostila-de-maquinas-252x318.png\" alt=\"\" width=\"113\" height=\"143\" srcset=\"https:\/\/portais.sertao.ifrs.edu.br\/nesma\/wp-content\/uploads\/sites\/3\/2018\/02\/apostila-de-maquinas-252x318.png 252w, https:\/\/portais.sertao.ifrs.edu.br\/nesma\/wp-content\/uploads\/sites\/3\/2018\/02\/apostila-de-maquinas-126x159.png 126w, https:\/\/portais.sertao.ifrs.edu.br\/nesma\/wp-content\/uploads\/sites\/3\/2018\/02\/apostila-de-maquinas.png 606w\" sizes=\"(max-width: 113px) 100vw, 113px\" \/><\/a>Apostila de m\u00e1quinas agr\u00edcolas<\/p>\n<p>Fonte: UNESP<\/p>\n<p>&nbsp;<\/p>\n<p>&nbsp;<\/p>\n<p>&nbsp;<\/p>\n<p>&nbsp;<\/p>\n<p><a href=\"https:\/\/www.alice.cnptia.embrapa.br\/alice\/bitstream\/doc\/476945\/1\/Maquinasimplementos.pdf\"><img loading=\"lazy\" decoding=\"async\" class=\"wp-image-175 alignleft\" src=\"http:\/\/200.132.218.46\/nesma\/wp-content\/uploads\/2018\/02\/maquinas-e-implementos-embrapa-424x280.png\" alt=\"\" width=\"156\" height=\"103\" srcset=\"https:\/\/portais.sertao.ifrs.edu.br\/nesma\/wp-content\/uploads\/sites\/3\/2018\/02\/maquinas-e-implementos-embrapa-424x280.png 424w, https:\/\/portais.sertao.ifrs.edu.br\/nesma\/wp-content\/uploads\/sites\/3\/2018\/02\/maquinas-e-implementos-embrapa-212x140.png 212w, https:\/\/portais.sertao.ifrs.edu.br\/nesma\/wp-content\/uploads\/sites\/3\/2018\/02\/maquinas-e-implementos-embrapa-768x506.png 768w, https:\/\/portais.sertao.ifrs.edu.br\/nesma\/wp-content\/uploads\/sites\/3\/2018\/02\/maquinas-e-implementos-embrapa.png 1168w\" sizes=\"(max-width: 156px) 100vw, 156px\" \/><\/a>Manejo do solo\u00a0 &#8211; m\u00e1quinas e implementos agr\u00edcolas<\/p>\n<p>Fonte: Mantovani, Embrapa<\/p>\n<p>&nbsp;<\/p>\n<p>&nbsp;<\/p>\n<p>&nbsp;<\/p>\n<p><a href=\"http:\/\/www.senar.org.br\/sites\/default\/files\/158_-_maquinas_ap_a5.pdf\"><img loading=\"lazy\" decoding=\"async\" class=\"wp-image-177 alignleft\" src=\"http:\/\/200.132.218.46\/nesma\/wp-content\/uploads\/2018\/02\/maquinas-agr\u00edcola-senar-123x159.png\" alt=\"\" width=\"115\" height=\"149\" srcset=\"https:\/\/portais.sertao.ifrs.edu.br\/nesma\/wp-content\/uploads\/sites\/3\/2018\/02\/maquinas-agr\u00edcola-senar-123x159.png 123w, https:\/\/portais.sertao.ifrs.edu.br\/nesma\/wp-content\/uploads\/sites\/3\/2018\/02\/maquinas-agr\u00edcola-senar-245x318.png 245w, https:\/\/portais.sertao.ifrs.edu.br\/nesma\/wp-content\/uploads\/sites\/3\/2018\/02\/maquinas-agr\u00edcola-senar.png 592w\" sizes=\"(max-width: 115px) 100vw, 115px\" \/><\/a>Maquinas agr\u00edcolas &#8211; Tecnologias de precis\u00e3o<\/p>\n<p>Fonte: Senar<\/p>\n<p>&nbsp;<\/p>\n<p>&nbsp;<\/p>\n<p>&nbsp;<\/p>\n<p>&nbsp;<\/p>\n<p><a href=\"https:\/\/dspace.uevora.pt\/rdpc\/bitstream\/10174\/5246\/1\/Equipamentos%20Agr%C3%ADcolas.pdf\"><img loading=\"lazy\" decoding=\"async\" class=\"wp-image-187 alignleft\" src=\"http:\/\/200.132.218.46\/nesma\/wp-content\/uploads\/2018\/02\/Equipamentos-de-colheita-129x159.png\" alt=\"\" width=\"116\" height=\"143\" srcset=\"https:\/\/portais.sertao.ifrs.edu.br\/nesma\/wp-content\/uploads\/sites\/3\/2018\/02\/Equipamentos-de-colheita-129x159.png 129w, https:\/\/portais.sertao.ifrs.edu.br\/nesma\/wp-content\/uploads\/sites\/3\/2018\/02\/Equipamentos-de-colheita-258x318.png 258w, https:\/\/portais.sertao.ifrs.edu.br\/nesma\/wp-content\/uploads\/sites\/3\/2018\/02\/Equipamentos-de-colheita.png 623w\" sizes=\"(max-width: 116px) 100vw, 116px\" \/><\/a>Equipamentos Agr\u00edcolas de Colheita, Enfardamento e Transporte &#8211; Jos\u00e9 F. C. Barros, Jos\u00e9 G. Calado<\/p>\n<p>Fonte: Universidade de \u00c9vora<\/p>\n<p>&nbsp;<\/p>\n<p>&nbsp;<\/p>\n<h1>__________________________________________________________<\/h1>\n<h1><span style=\"color: #008000\">\u00c1rea de Agricultura de Precis\u00e3o<\/span><\/h1>\n<p>_____________________________________________________________________________________________________________________<\/p>\n<p><a href=\"https:\/\/iotcomicbook.files.wordpress.com\/2013\/10\/iot_comic_book_special_br.pdf\"><img loading=\"lazy\" decoding=\"async\" class=\"wp-image-247 alignleft\" src=\"http:\/\/200.132.218.46\/nesma\/wp-content\/uploads\/2018\/03\/IOT-126x159.png\" alt=\"\" width=\"107\" height=\"135\" srcset=\"https:\/\/portais.sertao.ifrs.edu.br\/nesma\/wp-content\/uploads\/sites\/3\/2018\/03\/IOT-126x159.png 126w, https:\/\/portais.sertao.ifrs.edu.br\/nesma\/wp-content\/uploads\/sites\/3\/2018\/03\/IOT-251x318.png 251w, https:\/\/portais.sertao.ifrs.edu.br\/nesma\/wp-content\/uploads\/sites\/3\/2018\/03\/IOT.png 604w\" sizes=\"(max-width: 107px) 100vw, 107px\" \/><\/a>Internet das coisas<\/p>\n<p>Fonte: Mirko Presser<\/p>\n<p>&nbsp;<\/p>\n<p>&nbsp;<\/p>\n<p>&nbsp;<\/p>\n<p><a href=\"http:\/\/www.agricultura.gov.br\/assuntos\/sustentabilidade\/tecnologia-agropecuaria\/agricultura-de-precisao-1\/arquivos-de-agricultura-de-precisao\/boletim-tecnico-agricultura-de-precisao-2013.pdf\/@@download\/file\/Boletim%20T%C3%A9cnico%20%20-%20Agricultura%20de%20Precis%C3%A3o%202013.pdf\"><img loading=\"lazy\" decoding=\"async\" class=\" wp-image-249 alignleft\" src=\"http:\/\/200.132.218.46\/nesma\/wp-content\/uploads\/2018\/03\/AP-boletin-163x159.png\" alt=\"\" width=\"111\" height=\"108\" srcset=\"https:\/\/portais.sertao.ifrs.edu.br\/nesma\/wp-content\/uploads\/sites\/3\/2018\/03\/AP-boletin-163x159.png 163w, https:\/\/portais.sertao.ifrs.edu.br\/nesma\/wp-content\/uploads\/sites\/3\/2018\/03\/AP-boletin-326x318.png 326w, https:\/\/portais.sertao.ifrs.edu.br\/nesma\/wp-content\/uploads\/sites\/3\/2018\/03\/AP-boletin-768x748.png 768w, https:\/\/portais.sertao.ifrs.edu.br\/nesma\/wp-content\/uploads\/sites\/3\/2018\/03\/AP-boletin.png 785w\" sizes=\"(max-width: 111px) 100vw, 111px\" \/><\/a>Boletim de Agricultura de precis\u00e3o<\/p>\n<p>Fonte: MAPA<\/p>\n<p>&nbsp;<\/p>\n<p>&nbsp;<\/p>\n<p><a href=\"http:\/\/www.crcampeiro.net\/c7\/Curso\/cursos\/Agricultura\/pdf\/C7_AP1.pdf\"><img loading=\"lazy\" decoding=\"async\" class=\"size-thumbnail wp-image-250 alignleft\" src=\"http:\/\/200.132.218.46\/nesma\/wp-content\/uploads\/2018\/03\/AP-CR-campeiro-121x159.png\" alt=\"\" width=\"121\" height=\"159\" srcset=\"https:\/\/portais.sertao.ifrs.edu.br\/nesma\/wp-content\/uploads\/sites\/3\/2018\/03\/AP-CR-campeiro-121x159.png 121w, https:\/\/portais.sertao.ifrs.edu.br\/nesma\/wp-content\/uploads\/sites\/3\/2018\/03\/AP-CR-campeiro-241x318.png 241w, https:\/\/portais.sertao.ifrs.edu.br\/nesma\/wp-content\/uploads\/sites\/3\/2018\/03\/AP-CR-campeiro.png 582w\" sizes=\"(max-width: 121px) 100vw, 121px\" \/><\/a>Agricultura de Precis\u00e3o com o\u00a0Sistema CR Campeiro 7 &#8211;\u00a0Enio Giotto,\u00a0Claire Delfini Viana Cardoso e\u00a0El\u00f3dio Sebem<\/p>\n<p>Fonte: CR Campeiro<\/p>\n<p>&nbsp;<\/p>\n<p>&nbsp;<\/p>\n<p><a href=\"http:\/\/www.crcampeiro.net\/c7\/Curso\/cursos\/basico\/index.html\"><img loading=\"lazy\" decoding=\"async\" class=\"size-thumbnail wp-image-251 alignleft\" src=\"http:\/\/200.132.218.46\/nesma\/wp-content\/uploads\/2018\/03\/C7-212x60.png\" alt=\"\" width=\"212\" height=\"60\" srcset=\"https:\/\/portais.sertao.ifrs.edu.br\/nesma\/wp-content\/uploads\/sites\/3\/2018\/03\/C7-212x60.png 212w, https:\/\/portais.sertao.ifrs.edu.br\/nesma\/wp-content\/uploads\/sites\/3\/2018\/03\/C7-424x120.png 424w, https:\/\/portais.sertao.ifrs.edu.br\/nesma\/wp-content\/uploads\/sites\/3\/2018\/03\/C7.png 674w\" sizes=\"(max-width: 212px) 100vw, 212px\" \/><\/a><\/p>\n<p><a href=\"http:\/\/www.crcampeiro.net\/c7\/Curso\/cursos\/Agricultura\/index.html\">Apostilas de uso do Campeiro<\/a><\/p>\n<p>&nbsp;<\/p>\n<div class=\"jd_download_details_wrapper\">\n<div class=\"jd_header\">\n<div class=\"jd_title_left\">\n<p><strong><a href=\"http:\/\/w3.ufsm.br\/ppgap\/index.php\/2017-07-14-17-30-07\/summary\/1-livro-de-agricultura-de-precisao\"><img loading=\"lazy\" decoding=\"async\" class=\"size-thumbnail wp-image-256 alignleft\" src=\"http:\/\/200.132.218.46\/nesma\/wp-content\/uploads\/2018\/03\/AP-no-sul-119x159.png\" alt=\"\" width=\"119\" height=\"159\" srcset=\"https:\/\/portais.sertao.ifrs.edu.br\/nesma\/wp-content\/uploads\/sites\/3\/2018\/03\/AP-no-sul-119x159.png 119w, https:\/\/portais.sertao.ifrs.edu.br\/nesma\/wp-content\/uploads\/sites\/3\/2018\/03\/AP-no-sul-237x318.png 237w, https:\/\/portais.sertao.ifrs.edu.br\/nesma\/wp-content\/uploads\/sites\/3\/2018\/03\/AP-no-sul.png 572w\" sizes=\"(max-width: 119px) 100vw, 119px\" \/><\/a><\/strong><\/p>\n<p>&nbsp;<\/p>\n<p><strong>Agricultura de Precis\u00e3o no Rio Grande do Sul,\u00a0<\/strong>Ant\u00f4nio Luis Santi,\u00a0El\u00f3dio Sebem,\u00a0Enio Giotto,\u00a0Telmo Jorge Carneiro Amado<\/p>\n<p>Fonte: Programa de p\u00f3s gradua\u00e7\u00e3o em Agricultura de precis\u00e3o &#8211; Polit\u00e9cnico da UFSM<\/p>\n<\/div>\n<\/div>\n<div class=\"jd_report_link\"><\/div>\n<\/div>\n","protected":false},"excerpt":{"rendered":"<p>\u00c1rea de M\u00e1quinas Agr\u00edcolas ____________________________________________________________________________________________________________________ Dimensionamento de m\u00e1quinas e implementos agr\u00edcolas &#8211; David Peres da Rosa &nbsp; &nbsp; &nbsp; &nbsp; Opera\u00e7\u00e3o com tratores agr\u00edcolas &#8211;\u00a0Leonardo de Almeida Monteiro e Paulo Roberto Arbex Silva Fonte: LIMA &nbsp; &nbsp; &nbsp; Seguran\u00e7a na opera\u00e7\u00e3o com m\u00e1quinas agr\u00edcolas &#8211; Leonardo de Almeida Monteiro, Daniel Albiero Fonte: LIMA &nbsp; &nbsp; [&hellip;]<\/p>\n","protected":false},"author":1,"featured_media":0,"parent":0,"menu_order":0,"comment_status":"closed","ping_status":"closed","template":"","meta":{"_acf_changed":false,"footnotes":""},"class_list":["post-167","page","type-page","status-publish","hentry"],"acf":[],"_links":{"self":[{"href":"https:\/\/portais.sertao.ifrs.edu.br\/nesma\/wp-json\/wp\/v2\/pages\/167","targetHints":{"allow":["GET"]}}],"collection":[{"href":"https:\/\/portais.sertao.ifrs.edu.br\/nesma\/wp-json\/wp\/v2\/pages"}],"about":[{"href":"https:\/\/portais.sertao.ifrs.edu.br\/nesma\/wp-json\/wp\/v2\/types\/page"}],"author":[{"embeddable":true,"href":"https:\/\/portais.sertao.ifrs.edu.br\/nesma\/wp-json\/wp\/v2\/users\/1"}],"replies":[{"embeddable":true,"href":"https:\/\/portais.sertao.ifrs.edu.br\/nesma\/wp-json\/wp\/v2\/comments?post=167"}],"version-history":[{"count":0,"href":"https:\/\/portais.sertao.ifrs.edu.br\/nesma\/wp-json\/wp\/v2\/pages\/167\/revisions"}],"wp:attachment":[{"href":"https:\/\/portais.sertao.ifrs.edu.br\/nesma\/wp-json\/wp\/v2\/media?parent=167"}],"curies":[{"name":"wp","href":"https:\/\/api.w.org\/{rel}","templated":true}]}}