{"id":44,"date":"2018-02-05T15:53:19","date_gmt":"2018-02-05T17:53:19","guid":{"rendered":"http:\/\/200.132.218.46\/nesma\/?page_id=44"},"modified":"2018-02-05T15:53:19","modified_gmt":"2018-02-05T17:53:19","slug":"equipe-de-trabalho","status":"publish","type":"page","link":"https:\/\/portais.sertao.ifrs.edu.br\/nesma\/equipe-de-trabalho\/","title":{"rendered":"Equipe de trabalho"},"content":{"rendered":"<p>O NESMA est\u00e1 sempre de portas abertas para receber alunos para trabalho nos projetos, tendo como benef\u00edcios publica\u00e7\u00f5es em eventos locais, estadual, nacional e internacional, bem como, em revistas t\u00e9cnicas e cient\u00edficas.<\/p>\n<p>Para as empresas, estamos abertos para realiza\u00e7\u00f5es de testes e valida\u00e7\u00f5es, bem como, constru\u00e7\u00f5es de novos projetos que visem a \u00e1rea de rela\u00e7\u00e3o solo-m\u00e1quina, e, semeadoras.<\/p>\n<p>Atualmente contamos com 3 pesquisadores, 4 bolsistas e 6 volunt\u00e1rios, sendo:<\/p>\n<h3><\/h3>\n<h3 style=\"text-align: center\"><span style=\"color: #339966\">Pesquisadores:<\/span><\/h3>\n<p>&nbsp;<\/p>\n<p>&nbsp;<\/p>\n<p><img decoding=\"async\" class=\"wp-image-53 alignleft\" src=\"http:\/\/200.132.218.46\/nesma\/wp-content\/uploads\/2018\/02\/FB_IMG_1513559809624-315x318.jpg\" alt=\"\" width=\"110\" height=\"111\" srcset=\"https:\/\/portais.sertao.ifrs.edu.br\/nesma\/wp-content\/uploads\/sites\/3\/2018\/02\/FB_IMG_1513559809624-315x318.jpg 315w, https:\/\/portais.sertao.ifrs.edu.br\/nesma\/wp-content\/uploads\/sites\/3\/2018\/02\/FB_IMG_1513559809624-158x159.jpg 158w, https:\/\/portais.sertao.ifrs.edu.br\/nesma\/wp-content\/uploads\/sites\/3\/2018\/02\/FB_IMG_1513559809624-768x774.jpg 768w, https:\/\/portais.sertao.ifrs.edu.br\/nesma\/wp-content\/uploads\/sites\/3\/2018\/02\/FB_IMG_1513559809624.jpg 1428w\" sizes=\"(max-width: 110px) 100vw, 110px\" \/>David Peres da Rosa,\u00a0<a href=\"http:\/\/lattes.cnpq.br\/2756916660743293\"><img decoding=\"async\" class=\"alignright\" src=\"http:\/\/www.temdetudo.org\/wp-content\/uploads\/2016\/11\/destaque-curriculo-lattes.png\" width=\"46\" height=\"26\" \/><\/a><\/p>\n<p>Eng. Agr\u00edcola, Dr. Eng. Agr\u00edcola<\/p>\n<p>IFRS &#8211; Campus Sert\u00e3o<\/p>\n<p>&nbsp;<\/p>\n<hr \/>\n<p>&nbsp;<\/p>\n<p><img decoding=\"async\" class=\"wp-image-726 alignleft\" src=\"https:\/\/portais.sertao.ifrs.edu.br\/nesma\/wp-content\/uploads\/sites\/3\/2019\/04\/47204548_2033742036662440_7385749006288158720_n-1.jpg\" alt=\"\" width=\"86\" height=\"116\" srcset=\"https:\/\/portais.sertao.ifrs.edu.br\/nesma\/wp-content\/uploads\/sites\/3\/2019\/04\/47204548_2033742036662440_7385749006288158720_n-1.jpg 143w, https:\/\/portais.sertao.ifrs.edu.br\/nesma\/wp-content\/uploads\/sites\/3\/2019\/04\/47204548_2033742036662440_7385749006288158720_n-1-118x159.jpg 118w\" sizes=\"(max-width: 86px) 100vw, 86px\" \/>Roger Toscan Spanolo,\u00a0<a href=\"http:\/\/lattes.cnpq.br\/2978901012746459\"><img decoding=\"async\" class=\"alignright\" src=\"http:\/\/www.temdetudo.org\/wp-content\/uploads\/2016\/11\/destaque-curriculo-lattes.png\" width=\"46\" height=\"26\" \/><\/a><\/p>\n<p>Eng. Agr\u00edcola, Dr. em Agronomia<\/p>\n<p>UFPel<\/p>\n<p>&nbsp;<\/p>\n<p>&nbsp;<\/p>\n<hr \/>\n<p><img loading=\"lazy\" decoding=\"async\" class=\" wp-image-654 alignleft\" src=\"https:\/\/portais.sertao.ifrs.edu.br\/nesma\/wp-content\/uploads\/sites\/3\/2019\/02\/305693_519705998042600_313779834_n-e1550242043202-297x318.jpg\" alt=\"\" width=\"90\" height=\"97\" srcset=\"https:\/\/portais.sertao.ifrs.edu.br\/nesma\/wp-content\/uploads\/sites\/3\/2019\/02\/305693_519705998042600_313779834_n-e1550242043202-297x318.jpg 297w, https:\/\/portais.sertao.ifrs.edu.br\/nesma\/wp-content\/uploads\/sites\/3\/2019\/02\/305693_519705998042600_313779834_n-e1550242043202-148x159.jpg 148w, https:\/\/portais.sertao.ifrs.edu.br\/nesma\/wp-content\/uploads\/sites\/3\/2019\/02\/305693_519705998042600_313779834_n-e1550242043202.jpg 645w\" sizes=\"(max-width: 90px) 100vw, 90px\" \/>G\u00e9ssica Silva Lima,\u00a0<a href=\"http:\/\/lattes.cnpq.br\/2925899143001975\"><img loading=\"lazy\" decoding=\"async\" class=\"alignright\" src=\"http:\/\/www.temdetudo.org\/wp-content\/uploads\/2016\/11\/destaque-curriculo-lattes.png\" alt=\"\" width=\"46\" height=\"26\" \/><\/a><\/p>\n<p>Eng\u00aa. Agron., Dr\u00aa. em Agronomia (Irriga\u00e7\u00e3o e Drenagem)<\/p>\n<p>IFRS &#8211; Campus Sert\u00e3o<\/p>\n<p>&nbsp;<\/p>\n<hr \/>\n<h3 style=\"text-align: center\"><strong><span style=\"color: #339966\">Bolsistas<\/span><\/strong><\/h3>\n<p><img loading=\"lazy\" decoding=\"async\" class=\"wp-image-717 alignleft\" src=\"https:\/\/portais.sertao.ifrs.edu.br\/nesma\/wp-content\/uploads\/sites\/3\/2019\/04\/Anderson-1-235x318.jpeg\" alt=\"\" width=\"113\" height=\"153\" srcset=\"https:\/\/portais.sertao.ifrs.edu.br\/nesma\/wp-content\/uploads\/sites\/3\/2019\/04\/Anderson-1-235x318.jpeg 235w, https:\/\/portais.sertao.ifrs.edu.br\/nesma\/wp-content\/uploads\/sites\/3\/2019\/04\/Anderson-1-117x159.jpeg 117w, https:\/\/portais.sertao.ifrs.edu.br\/nesma\/wp-content\/uploads\/sites\/3\/2019\/04\/Anderson-1.jpeg 534w\" sizes=\"(max-width: 113px) 100vw, 113px\" \/>Anderson Dalzotto de Nardi<\/p>\n<p><em><span class=\"color_15\">5\u00ba semestre do\u00a0curso bacharelado em Agronomia<a href=\"http:\/\/lattes.cnpq.br\/0400332730073686\"><img loading=\"lazy\" decoding=\"async\" class=\"alignright\" src=\"http:\/\/www.temdetudo.org\/wp-content\/uploads\/2016\/11\/destaque-curriculo-lattes.png\" width=\"65\" height=\"37\" \/><\/a><\/span><\/em><\/p>\n<p><strong>Projeto: Uniformidade de sementes de soja: velocidade de semeadura x dosador x grafite<\/strong><\/p>\n<p>&nbsp;<\/p>\n<hr \/>\n<p><img loading=\"lazy\" decoding=\"async\" class=\"wp-image-734 alignleft\" src=\"https:\/\/portais.sertao.ifrs.edu.br\/nesma\/wp-content\/uploads\/sites\/3\/2019\/05\/francisco-285x318.jpeg\" alt=\"\" width=\"104\" height=\"116\" srcset=\"https:\/\/portais.sertao.ifrs.edu.br\/nesma\/wp-content\/uploads\/sites\/3\/2019\/05\/francisco-285x318.jpeg 285w, https:\/\/portais.sertao.ifrs.edu.br\/nesma\/wp-content\/uploads\/sites\/3\/2019\/05\/francisco-142x159.jpeg 142w, https:\/\/portais.sertao.ifrs.edu.br\/nesma\/wp-content\/uploads\/sites\/3\/2019\/05\/francisco.jpeg 442w\" sizes=\"(max-width: 104px) 100vw, 104px\" \/>Francisco Miguel Huppes<\/p>\n<p><span class=\"color_15\">Bolsistas BICTES-IFRS<a href=\"http:\/\/lattes.cnpq.br\/8384442567935350\"><img loading=\"lazy\" decoding=\"async\" class=\"alignright\" src=\"http:\/\/www.temdetudo.org\/wp-content\/uploads\/2016\/11\/destaque-curriculo-lattes.png\" width=\"65\" height=\"37\" \/><\/a><\/span><\/p>\n<p><strong>Projeto: Uso de t\u00e9cnicas de agricultura de precis\u00e3o para avalia\u00e7\u00e3o de manejo do solo por subsoladores<\/strong><\/p>\n<hr \/>\n<p class=\"font_8\"><span class=\"color_15\"><span class=\"wixGuard\"><img loading=\"lazy\" decoding=\"async\" class=\" alignleft\" src=\"https:\/\/static.wixstatic.com\/media\/ef3fa3_424d52024ab74b9dab677b13c7b1c598~mv2.jpeg\/v1\/crop\/x_76,y_22,w_270,h_376\/fill\/w_115,h_125,al_c,q_80,usm_0.66_1.00_0.01\/ef3fa3_424d52024ab74b9dab677b13c7b1c598~mv2.webp\" width=\"113\" height=\"123\" \/><\/span><\/span><span class=\"color_15\"><span class=\"wixGuard\"><em>Paulo Henrique conte<\/em>\u00a0<a href=\"http:\/\/lattes.cnpq.br\/0575863621801987\"><img decoding=\"async\" class=\"alignright\" src=\"http:\/\/www.temdetudo.org\/wp-content\/uploads\/2016\/11\/destaque-curriculo-lattes.png\" width=\"46\" height=\"26\" \/><\/a><\/span><\/span><\/p>\n<p class=\"font_8\"><span class=\"color_15\"><span class=\"wixGuard\">\u200b<\/span><\/span><span class=\"color_15\">7\u00ba semestre do curso bacharelado em Agronomia<\/span><\/p>\n<p class=\"font_8\"><span class=\"color_15\">Bolsistas BICTES-IFRS<\/span><\/p>\n<p><strong>Projeto: Carateriza\u00e7\u00e3o espacial de diferentes manejos f\u00edsicos do solo via agricultura de precis\u00e3o<\/strong><\/p>\n<hr \/>\n<p><em><img loading=\"lazy\" decoding=\"async\" class=\"wp-image-735 alignleft\" src=\"https:\/\/portais.sertao.ifrs.edu.br\/nesma\/wp-content\/uploads\/sites\/3\/2019\/05\/renan-318x318.jpg\" alt=\"\" width=\"116\" height=\"116\" srcset=\"https:\/\/portais.sertao.ifrs.edu.br\/nesma\/wp-content\/uploads\/sites\/3\/2019\/05\/renan-318x318.jpg 318w, https:\/\/portais.sertao.ifrs.edu.br\/nesma\/wp-content\/uploads\/sites\/3\/2019\/05\/renan-159x159.jpg 159w, https:\/\/portais.sertao.ifrs.edu.br\/nesma\/wp-content\/uploads\/sites\/3\/2019\/05\/renan.jpg 640w\" sizes=\"(max-width: 116px) 100vw, 116px\" \/>Renan<\/em><em>\u00a0Casagrande,\u00a0<\/em><\/p>\n<p><em><span class=\"color_15\">5\u00ba semestre do\u00a0curso bacharelado em Agronomia<span class=\"wixGuard\"><a href=\"http:\/\/lattes.cnpq.br\/2826316286059583\"><img decoding=\"async\" class=\"alignright\" src=\"http:\/\/www.temdetudo.org\/wp-content\/uploads\/2016\/11\/destaque-curriculo-lattes.png\" width=\"46\" height=\"26\" \/><\/a><\/span><\/span><\/em><\/p>\n<p><strong>Projeto: Descompacta\u00e7\u00e3o do solo na semeadura consorciado com plantas descompactadoras &#8211; Efeitos na cultura da soja sob sistema de plantio direto<\/strong><\/p>\n<p>&nbsp;<\/p>\n<h2><span class=\"color_15\" style=\"color: #339966\">Volunt\u00e1rios<\/span><\/h2>\n<hr \/>\n<p><img loading=\"lazy\" decoding=\"async\" class=\" wp-image-330 alignleft\" src=\"http:\/\/200.132.218.46\/nesma\/wp-content\/uploads\/2018\/05\/pp-159x159.jpg\" alt=\"\" width=\"89\" height=\"89\" srcset=\"https:\/\/portais.sertao.ifrs.edu.br\/nesma\/wp-content\/uploads\/sites\/3\/2018\/05\/pp-159x159.jpg 159w, https:\/\/portais.sertao.ifrs.edu.br\/nesma\/wp-content\/uploads\/sites\/3\/2018\/05\/pp-318x318.jpg 318w, https:\/\/portais.sertao.ifrs.edu.br\/nesma\/wp-content\/uploads\/sites\/3\/2018\/05\/pp.jpg 552w\" sizes=\"(max-width: 89px) 100vw, 89px\" \/>K\u00e9zia de S\u00e1 da Silva Concei\u00e7\u00e3o,<\/p>\n<p>5\u00ba semestre do curso de licenciatura em Ci\u00eancias Biol\u00f3gicas<span class=\"color_15\"><span class=\"wixGuard\"><a href=\"http:\/\/lattes.cnpq.br\/6927921508245864\"><img decoding=\"async\" class=\"alignright\" src=\"http:\/\/www.temdetudo.org\/wp-content\/uploads\/2016\/11\/destaque-curriculo-lattes.png\" width=\"46\" height=\"26\" \/><\/a><\/span><\/span><\/p>\n<p>&nbsp;<\/p>\n<p>&nbsp;<\/p>\n<p><img loading=\"lazy\" decoding=\"async\" class=\"wp-image-714 alignleft\" src=\"https:\/\/portais.sertao.ifrs.edu.br\/nesma\/wp-content\/uploads\/sites\/3\/2019\/04\/yanna-239x318.jpg\" alt=\"\" width=\"87\" height=\"115\" srcset=\"https:\/\/portais.sertao.ifrs.edu.br\/nesma\/wp-content\/uploads\/sites\/3\/2019\/04\/yanna-239x318.jpg 239w, https:\/\/portais.sertao.ifrs.edu.br\/nesma\/wp-content\/uploads\/sites\/3\/2019\/04\/yanna-120x159.jpg 120w, https:\/\/portais.sertao.ifrs.edu.br\/nesma\/wp-content\/uploads\/sites\/3\/2019\/04\/yanna.jpg 470w\" sizes=\"(max-width: 87px) 100vw, 87px\" \/><\/p>\n<p>&nbsp;<\/p>\n<p>Yanna Carneiro Borges,\u00a03<em><span class=\"color_15\">\u00ba semestre do\u00a0curso bacharelado em Agronomia<span class=\"wixGuard\"><a href=\"http:\/\/lattes.cnpq.br\/6337267206676160\"><img decoding=\"async\" class=\"alignright\" src=\"http:\/\/www.temdetudo.org\/wp-content\/uploads\/2016\/11\/destaque-curriculo-lattes.png\" width=\"46\" height=\"26\" \/><\/a><\/span><\/span><\/em><\/p>\n<p>&nbsp;<\/p>\n<h3><\/h3>\n<p><img loading=\"lazy\" decoding=\"async\" class=\"wp-image-719 alignleft\" src=\"https:\/\/portais.sertao.ifrs.edu.br\/nesma\/wp-content\/uploads\/sites\/3\/2019\/04\/WhatsApp-Image-2019-04-29-at-10.18.43-e1556630001756-209x318.jpeg\" alt=\"\" width=\"78\" height=\"119\" srcset=\"https:\/\/portais.sertao.ifrs.edu.br\/nesma\/wp-content\/uploads\/sites\/3\/2019\/04\/WhatsApp-Image-2019-04-29-at-10.18.43-e1556630001756-209x318.jpeg 209w, https:\/\/portais.sertao.ifrs.edu.br\/nesma\/wp-content\/uploads\/sites\/3\/2019\/04\/WhatsApp-Image-2019-04-29-at-10.18.43-e1556630001756-105x159.jpeg 105w, https:\/\/portais.sertao.ifrs.edu.br\/nesma\/wp-content\/uploads\/sites\/3\/2019\/04\/WhatsApp-Image-2019-04-29-at-10.18.43-e1556630001756-768x1168.jpeg 768w, https:\/\/portais.sertao.ifrs.edu.br\/nesma\/wp-content\/uploads\/sites\/3\/2019\/04\/WhatsApp-Image-2019-04-29-at-10.18.43-e1556630001756.jpeg 774w\" sizes=\"(max-width: 78px) 100vw, 78px\" \/>Leonardo Frosi,\u00a07<em><span class=\"color_15\">\u00ba semestre do\u00a0curso bacharelado em Agronomia<\/span><\/em><\/p>\n<p><span class=\"color_15\"><span class=\"wixGuard\"><a href=\"http:\/\/lattes.cnpq.br\/6188159685258752\"><img decoding=\"async\" class=\"alignright\" src=\"http:\/\/www.temdetudo.org\/wp-content\/uploads\/2016\/11\/destaque-curriculo-lattes.png\" width=\"46\" height=\"26\" \/><\/a><\/span><\/span><\/p>\n<p>&nbsp;<\/p>\n<p>&nbsp;<\/p>\n<p>&nbsp;<\/p>\n<p><img loading=\"lazy\" decoding=\"async\" class=\"wp-image-722 alignleft\" src=\"https:\/\/portais.sertao.ifrs.edu.br\/nesma\/wp-content\/uploads\/sites\/3\/2019\/04\/WhatsApp-Image-2019-04-29-at-12.09.37-e1556630366165-291x318.jpeg\" alt=\"\" width=\"82\" height=\"90\" srcset=\"https:\/\/portais.sertao.ifrs.edu.br\/nesma\/wp-content\/uploads\/sites\/3\/2019\/04\/WhatsApp-Image-2019-04-29-at-12.09.37-e1556630366165-291x318.jpeg 291w, https:\/\/portais.sertao.ifrs.edu.br\/nesma\/wp-content\/uploads\/sites\/3\/2019\/04\/WhatsApp-Image-2019-04-29-at-12.09.37-e1556630366165-146x159.jpeg 146w, https:\/\/portais.sertao.ifrs.edu.br\/nesma\/wp-content\/uploads\/sites\/3\/2019\/04\/WhatsApp-Image-2019-04-29-at-12.09.37-e1556630366165.jpeg 367w\" sizes=\"(max-width: 82px) 100vw, 82px\" \/>Idroilson Vieira de Oliveira, 7<em><span class=\"color_15\">\u00ba semestre do\u00a0curso bacharelado em Agronomia<span class=\"wixGuard\"><a href=\"http:\/\/lattes.cnpq.br\/0233823078974938\"><img decoding=\"async\" class=\"alignright\" src=\"http:\/\/www.temdetudo.org\/wp-content\/uploads\/2016\/11\/destaque-curriculo-lattes.png\" width=\"46\" height=\"26\" \/><\/a><\/span><\/span><\/em><\/p>\n<p>&nbsp;<\/p>\n<p>&nbsp;<\/p>\n<p><img loading=\"lazy\" decoding=\"async\" class=\"wp-image-727 alignleft\" src=\"https:\/\/portais.sertao.ifrs.edu.br\/nesma\/wp-content\/uploads\/sites\/3\/2019\/04\/WhatsApp-Image-2019-04-30-at-10.27.53-206x318.jpeg\" alt=\"\" width=\"77\" height=\"119\" srcset=\"https:\/\/portais.sertao.ifrs.edu.br\/nesma\/wp-content\/uploads\/sites\/3\/2019\/04\/WhatsApp-Image-2019-04-30-at-10.27.53-206x318.jpeg 206w, https:\/\/portais.sertao.ifrs.edu.br\/nesma\/wp-content\/uploads\/sites\/3\/2019\/04\/WhatsApp-Image-2019-04-30-at-10.27.53-103x159.jpeg 103w, https:\/\/portais.sertao.ifrs.edu.br\/nesma\/wp-content\/uploads\/sites\/3\/2019\/04\/WhatsApp-Image-2019-04-30-at-10.27.53-768x1187.jpeg 768w, https:\/\/portais.sertao.ifrs.edu.br\/nesma\/wp-content\/uploads\/sites\/3\/2019\/04\/WhatsApp-Image-2019-04-30-at-10.27.53.jpeg 828w\" sizes=\"(max-width: 77px) 100vw, 77px\" \/>Yuri Mello, 1<em><span class=\"color_15\">\u00ba semestre do\u00a0curso bacharelado em Agronomia<span class=\"wixGuard\"><a href=\"http:\/\/lattes.cnpq.br\/0233823078974938\"><img decoding=\"async\" class=\"alignright\" src=\"http:\/\/www.temdetudo.org\/wp-content\/uploads\/2016\/11\/destaque-curriculo-lattes.png\" width=\"46\" height=\"26\" \/><\/a><\/span><\/span><\/em><\/p>\n<h3><\/h3>\n<p>&nbsp;<\/p>\n<p>&nbsp;<\/p>\n<p><img loading=\"lazy\" decoding=\"async\" class=\"wp-image-728 alignleft\" src=\"https:\/\/portais.sertao.ifrs.edu.br\/nesma\/wp-content\/uploads\/sites\/3\/2019\/04\/WhatsApp-Image-2019-04-30-at-10.27.20-e1556631787909-229x318.jpeg\" alt=\"\" width=\"76\" height=\"106\" srcset=\"https:\/\/portais.sertao.ifrs.edu.br\/nesma\/wp-content\/uploads\/sites\/3\/2019\/04\/WhatsApp-Image-2019-04-30-at-10.27.20-e1556631787909-229x318.jpeg 229w, https:\/\/portais.sertao.ifrs.edu.br\/nesma\/wp-content\/uploads\/sites\/3\/2019\/04\/WhatsApp-Image-2019-04-30-at-10.27.20-e1556631787909-115x159.jpeg 115w, https:\/\/portais.sertao.ifrs.edu.br\/nesma\/wp-content\/uploads\/sites\/3\/2019\/04\/WhatsApp-Image-2019-04-30-at-10.27.20-e1556631787909.jpeg 720w\" sizes=\"(max-width: 76px) 100vw, 76px\" \/>Felipe Bagnara,\u00a05<em><span class=\"color_15\">\u00ba semestre do\u00a0curso bacharelado em Agronomia<span class=\"wixGuard\"><a href=\"http:\/\/lattes.cnpq.br\/5473779622309774\"><img decoding=\"async\" class=\"alignright\" src=\"http:\/\/www.temdetudo.org\/wp-content\/uploads\/2016\/11\/destaque-curriculo-lattes.png\" width=\"46\" height=\"26\" \/><\/a><\/span><\/span><\/em><\/p>\n<h3><\/h3>\n<p>&nbsp;<\/p>\n<p>&nbsp;<\/p>\n<p><img loading=\"lazy\" decoding=\"async\" class=\" wp-image-729 alignleft\" src=\"https:\/\/portais.sertao.ifrs.edu.br\/nesma\/wp-content\/uploads\/sites\/3\/2019\/04\/larissa-241x318.jpeg\" alt=\"\" width=\"79\" height=\"104\" srcset=\"https:\/\/portais.sertao.ifrs.edu.br\/nesma\/wp-content\/uploads\/sites\/3\/2019\/04\/larissa-241x318.jpeg 241w, https:\/\/portais.sertao.ifrs.edu.br\/nesma\/wp-content\/uploads\/sites\/3\/2019\/04\/larissa-121x159.jpeg 121w, https:\/\/portais.sertao.ifrs.edu.br\/nesma\/wp-content\/uploads\/sites\/3\/2019\/04\/larissa.jpeg 467w\" sizes=\"(max-width: 79px) 100vw, 79px\" \/><\/p>\n<p>Larisssa Barichelo,\u00a01<em><span class=\"color_15\">\u00ba semestre do\u00a0curso bacharelado em Agronomia<\/span><\/em><\/p>\n<p>&nbsp;<\/p>\n<p>&nbsp;<\/p>\n<p>&nbsp;<\/p>\n<p><img loading=\"lazy\" decoding=\"async\" class=\"wp-image-736 alignleft\" src=\"https:\/\/portais.sertao.ifrs.edu.br\/nesma\/wp-content\/uploads\/sites\/3\/2019\/05\/leo-318x318.jpg\" alt=\"\" width=\"86\" height=\"86\" srcset=\"https:\/\/portais.sertao.ifrs.edu.br\/nesma\/wp-content\/uploads\/sites\/3\/2019\/05\/leo-318x318.jpg 318w, https:\/\/portais.sertao.ifrs.edu.br\/nesma\/wp-content\/uploads\/sites\/3\/2019\/05\/leo-159x159.jpg 159w, https:\/\/portais.sertao.ifrs.edu.br\/nesma\/wp-content\/uploads\/sites\/3\/2019\/05\/leo-768x768.jpg 768w, https:\/\/portais.sertao.ifrs.edu.br\/nesma\/wp-content\/uploads\/sites\/3\/2019\/05\/leo.jpg 960w\" sizes=\"(max-width: 86px) 100vw, 86px\" \/>Leo Huppes, 3<em><span class=\"color_15\">\u00ba semestre do\u00a0curso bacharelado em Agronomia<span class=\"wixGuard\"><a href=\"http:\/\/lattes.cnpq.br\/2194646668892414\"><img decoding=\"async\" class=\"alignright\" src=\"http:\/\/www.temdetudo.org\/wp-content\/uploads\/2016\/11\/destaque-curriculo-lattes.png\" width=\"46\" height=\"26\" \/><\/a><\/span><\/span><\/em><\/p>\n<p>&nbsp;<\/p>\n<p>&nbsp;<\/p>\n<p><img loading=\"lazy\" decoding=\"async\" class=\"wp-image-738 alignleft\" src=\"https:\/\/portais.sertao.ifrs.edu.br\/nesma\/wp-content\/uploads\/sites\/3\/2019\/05\/Rafaela-e1556903147377-271x318.jpeg\" alt=\"\" width=\"85\" height=\"100\" srcset=\"https:\/\/portais.sertao.ifrs.edu.br\/nesma\/wp-content\/uploads\/sites\/3\/2019\/05\/Rafaela-e1556903147377-271x318.jpeg 271w, https:\/\/portais.sertao.ifrs.edu.br\/nesma\/wp-content\/uploads\/sites\/3\/2019\/05\/Rafaela-e1556903147377-136x159.jpeg 136w, https:\/\/portais.sertao.ifrs.edu.br\/nesma\/wp-content\/uploads\/sites\/3\/2019\/05\/Rafaela-e1556903147377-768x900.jpeg 768w, https:\/\/portais.sertao.ifrs.edu.br\/nesma\/wp-content\/uploads\/sites\/3\/2019\/05\/Rafaela-e1556903147377.jpeg 816w\" sizes=\"(max-width: 85px) 100vw, 85px\" \/>Rafaela Pedrollo Tams,\u00a01<em><span class=\"color_15\">\u00ba semestre do\u00a0curso bacharelado em Agronomia<\/span><\/em><\/p>\n<p>&nbsp;<\/p>\n<p>&nbsp;<\/p>\n<p>&nbsp;<\/p>\n<p><img loading=\"lazy\" decoding=\"async\" class=\"wp-image-740 alignleft\" src=\"https:\/\/nesma.sertao.ifrs.edu.br\/wp-content\/uploads\/2019\/05\/Wallace-241x318.jpeg\" alt=\"\" width=\"86\" height=\"113\" \/>Wallace Santini,\u00a01<em><span class=\"color_15\">\u00ba semestre do\u00a0curso bacharelado em Agronomia<\/span><\/em><\/p>\n<h3><\/h3>\n<h3><\/h3>\n<p>&nbsp;<\/p>\n<p>&nbsp;<\/p>\n<h3 style=\"text-align: center\"><span style=\"color: #339966\">Ex-NESMIANOS<\/span><\/h3>\n<p>&nbsp;<\/p>\n<ol>\n<li>Daniel Diefentaeler (2010-2014), Eng. Agr\u00f4nomo, RTV Matrisoja (PY)<\/li>\n<li>Matias Leocadio Bruinsma (2010-2014),\u00a0Eng. Agr\u00f4nomo, Gerente de gr\u00e3os\u00a0Barbiero Agroneg\u00f3cios<\/li>\n<li>Melina Maschio,\u00a0T\u00e9cnica em Agropecu\u00e1ria, estudante de agronomia do IFRS Campus Sert\u00e3o<\/li>\n<li>Flavia Melara, T\u00e9cnica em Agropecu\u00e1ria,<\/li>\n<li>Guilherme Dal Bello (2011-2012),\u00a0T\u00e9cnico em Agropecu\u00e1ria, Vendedor da Certezza M\u00e1quinas Agr\u00edcolas<\/li>\n<li>Jeferson \u00c2ntonio Alflem (2011-2013), Tecn\u00f3logo em agroneg\u00f3cio, Balconista da Augustin &amp; Cia Ltda<\/li>\n<li>Ana Marta Toniasso,\u00a0T\u00e9cnica em Agropecu\u00e1ria,<\/li>\n<li>Diego Fincatto, Eng. Agr\u00f4nomo, Auxiliar agropecu\u00e1rio do IFC &#8211; Campus Camboriu<\/li>\n<li>Felipe Pesini (2012 &#8211; 2015), Eng. Agr\u00f4nomo, RTV da Drakkar Solos<\/li>\n<li>Lucas Pagnussat (2012 &#8211; 2015), Eng. Agr\u00f4nomo, Gerente de unidade CEPAL Cereais<\/li>\n<li>Claudio Carvalho dos Santos,\u00a0Eng. Agr\u00f4nomo,-<\/li>\n<li>Rodrigo Zeni (2013-2015), Eng. Agr\u00f4nomo,\u00a0Engenheiro Agr\u00f4nomo da Coopac de Constantina<\/li>\n<li>Daelcio Vieira Spadotto (2013 &#8211; 2014), Eng. Agr\u00f4nomo, Consultor t\u00e9cnico da Life Agro<\/li>\n<li>Ceser Fernando Teloken (2013-2016),Eng. Agr\u00f4nomo, Analista de pesquisa e desenvolvimento da Agromac<\/li>\n<li>Alisson Alves (2014-2017), Eng. Agronomo, Analista financeiro da Cresol<\/li>\n<li>Caroline Ribeiro Xavier (2015-2016),\u00a0Eng\u00aa. Agr\u00f4noma<\/li>\n<li>Cesar Augusto Cansian (2014-2016), graduando em Eng. Agronomica.<\/li>\n<li>Nicael Tedesco dos Santos (2014-2017), Eng. Agr\u00f4nomo, ATV da Comercial de cereais Antunes<\/li>\n<li>Eliaquin Frederico Rafain (2015-2016), Eng. Agronomo, RTV da FMC<\/li>\n<li>Eduarda Pirolli (2017-2018), graduanda em Eng. Agronomica<\/li>\n<li>Talison Roberto Maurer\u00a0 (2017-2018), graduando em Eng. Agronomica<\/li>\n<li><span class=\"color_15\">Mari\u00e9li Hammel Vieira, T\u00e9cnica em Agropecu\u00e1ria<\/span><\/li>\n<li>Gustavo Pesini, transferiu para UFRGS (2018)<\/li>\n<li>Marcos Longaretti (2016-2018), Eng. Agr\u00f4nomo, Brasmax<\/li>\n<li>Gustavo Rossoni Tessaro , 7\u00ba semestre do curso bacharelado em Agronomia<\/li>\n<li>Junior Verardi,\u00a09\u00ba semestre do curso bacharelado em Agronomia<\/li>\n<li>Artur Zancan,\u00a09\u00ba semestre do curso bacharelado em Agronomia<\/li>\n<\/ol>\n","protected":false},"excerpt":{"rendered":"<p>O NESMA est\u00e1 sempre de portas abertas para receber alunos para trabalho nos projetos, tendo como benef\u00edcios publica\u00e7\u00f5es em eventos locais, estadual, nacional e internacional, bem como, em revistas t\u00e9cnicas e cient\u00edficas. Para as empresas, estamos abertos para realiza\u00e7\u00f5es de testes e valida\u00e7\u00f5es, bem como, constru\u00e7\u00f5es de novos projetos que visem a \u00e1rea de rela\u00e7\u00e3o [&hellip;]<\/p>\n","protected":false},"author":1,"featured_media":0,"parent":0,"menu_order":0,"comment_status":"closed","ping_status":"closed","template":"","meta":{"_acf_changed":false,"footnotes":""},"class_list":["post-44","page","type-page","status-publish","hentry"],"acf":[],"_links":{"self":[{"href":"https:\/\/portais.sertao.ifrs.edu.br\/nesma\/wp-json\/wp\/v2\/pages\/44","targetHints":{"allow":["GET"]}}],"collection":[{"href":"https:\/\/portais.sertao.ifrs.edu.br\/nesma\/wp-json\/wp\/v2\/pages"}],"about":[{"href":"https:\/\/portais.sertao.ifrs.edu.br\/nesma\/wp-json\/wp\/v2\/types\/page"}],"author":[{"embeddable":true,"href":"https:\/\/portais.sertao.ifrs.edu.br\/nesma\/wp-json\/wp\/v2\/users\/1"}],"replies":[{"embeddable":true,"href":"https:\/\/portais.sertao.ifrs.edu.br\/nesma\/wp-json\/wp\/v2\/comments?post=44"}],"version-history":[{"count":0,"href":"https:\/\/portais.sertao.ifrs.edu.br\/nesma\/wp-json\/wp\/v2\/pages\/44\/revisions"}],"wp:attachment":[{"href":"https:\/\/portais.sertao.ifrs.edu.br\/nesma\/wp-json\/wp\/v2\/media?parent=44"}],"curies":[{"name":"wp","href":"https:\/\/api.w.org\/{rel}","templated":true}]}}