{"id":452,"date":"2018-08-29T14:09:37","date_gmt":"2018-08-29T17:09:37","guid":{"rendered":"https:\/\/nesma.sertao.ifrs.edu.br\/?page_id=452"},"modified":"2018-08-29T14:09:37","modified_gmt":"2018-08-29T17:09:37","slug":"projetos","status":"publish","type":"page","link":"https:\/\/portais.sertao.ifrs.edu.br\/nesma\/projetos\/","title":{"rendered":"Projetos"},"content":{"rendered":"<h2>Em andamento:<\/h2>\n<p><strong>Uniformidade de sementes de soja: velocidade de semeadura x dosador x grafite<\/strong><\/p>\n<p><em>Objetivo Geral: Quantificar efeito da velocidade de semeadura, lubrificante s\u00f3lido e tipo de anel dosador no desenvolvimento da cultura da soja no primeiro ano, para posteriormente, no segundo ano de cultivo quantificar os par\u00e2metros atrav\u00e9s da cultura do milho.<\/em><\/p>\n<p>Per\u00edodo: 2019-2021<\/p>\n<p><strong>Carateriza\u00e7\u00e3o espacial e temporal de diferentes manejos f\u00edsicos do\u00a0solo: rela\u00e7\u00e3o com a manuten\u00e7\u00e3o da palhada e infesta\u00e7\u00e3o de plantas\u00a0daninhas nas cultura de ver\u00e3o<\/strong><\/p>\n<p><em>Objetivo Geral:\u00a0\u00a0<\/em><em>Investigar a influ\u00eancia espacial e temporal de dois tipos de subsoladores no solo e sua rela\u00e7\u00e3o com a\u00a0<\/em><em>incid\u00eancia e fluxos de plantas daninhas.<\/em><\/p>\n<p>Per\u00edodo: 2017-2022<\/p>\n<p><strong>Uso de sulcador do tipo turbo para descompacta\u00e7\u00e3o do solo na\u00a0semeadura em solos sob sistema plantio direto<\/strong><\/p>\n<p><em>Objetivo Geral:\u00a0Avaliar o efeito do sulcador de fertilizante da semeadora tipo fac\u00e3o afastado com disco turbo como t\u00e9cnicas de redu\u00e7\u00e3o da compacta\u00e7\u00e3o em solo sob sistema plantio direto (SPD), visando a manuten\u00e7\u00e3o do\u00a0sistema de manejo e, verificando a influencia destas t\u00e9cnicas nas propriedades f\u00edsicas e no\u00a0desenvolvimento nas culturas de ver\u00e3o<\/em><\/p>\n<p>Per\u00edodo: 2017-2022<\/p>\n<p><strong>Variabilidade espacial f\u00edsica e biol\u00f3gica de estrat\u00e9gias de melhoria\u00a0f\u00edsica do solo.<\/strong><\/p>\n<p><em>Objetivo Geral:\u00a0Investigar o efeito espacial e temporal do uso de diferentes t\u00e9cnicas de melhoria f\u00edsica do solo sob sistema\u00a0plantio direto na rela\u00e7\u00e3o f\u00edsica e microbiol\u00f3gica do solo.<\/em><\/p>\n<p>Per\u00edodo: 2017-2022<\/p>\n<p><strong>Descompacta\u00e7\u00e3o do solo na semeadura consorciado com plantas\u00a0descompactadoras &#8211; Efeitos na cultura em sistema de\u00a0plantio direto<\/strong><\/p>\n<p><em>Objetivo geral: Quantificar o efeito temporal do aumento da profundidade de sulcagem do fertilizante na semeadura das culturas de ver\u00e3o\u00a0com o uso de plantas descompactadoras no cultivo de inverno, visando a manuten\u00e7\u00e3o do sistema\u00a0plantio direto.<\/em><\/p>\n<p>Per\u00edodo: 2017-2022<\/p>\n<h1><\/h1>\n<h1>Encerrados<\/h1>\n<p><strong>Caracteriza\u00e7\u00e3o espacial da dosagem de fertilizantes por dosadores\u00a0de rosca helicoidal<\/strong><\/p>\n<p><em>Objetivo geral:\u00a0Qualificar e quantificar de forma espacial a distribui\u00e7\u00e3o de fertilizante por dosadores de rosca helicoidal de\u00a0semeadoras agr\u00edcolas.<\/em><\/p>\n<p>Per\u00edodo 2016-2017.<\/p>\n<p><strong>Projeto Conceitual de sensores eletr\u00f4nico para medir a\u00a0compacta\u00e7\u00e3o do solo em Agricultura de Precis\u00e3o<\/strong><\/p>\n<p><em>Objetivo geral: Desenvolver um sensor eletr\u00f4nico para ser acoplado a uma semeadora para mensurar a compacta\u00e7\u00e3o\u00a0<\/em><em>do solo e ao mesmo tempo identifique seu posicionamento espacial, possibilitando posteriormente a\u00a0<\/em><em>gera\u00e7\u00e3o de mapas da compacta\u00e7\u00e3o do solo.<\/em><\/p>\n<p>Per\u00edodo 2015-2016.<\/p>\n<p><strong>Tecnologias empregadas na semeadura: manejo da aduba\u00e7\u00e3o x\u00a0dosador de semente x dosador de fertilizante<\/strong><\/p>\n<p><em>Objetivo geral: Qualificar, quantificar e validar o efeito da tecnologia de dosagem de fertilizante por transbordo e da\u00a0<\/em><em>tecnologia Rampflow na distribui\u00e7\u00e3o de semente, bem como, a combina\u00e7\u00e3o dessas aliada a o manejo da\u00a0<\/em><em>fertilidade no solo, buscando o aumento da produtividade da cultura.<\/em><\/p>\n<p>Per\u00edodo 2011-2015<\/p>\n<p><strong>Dura\u00e7\u00e3o temporal e necessidade de subsolagem em solo argiloso\u00a0manejado pelo plantio direto<\/strong><\/p>\n<p><em>Objetivo geral: Verificar se a presen\u00e7a de disco de corte de palha e rolo nvelador no subsolador potencializam a redu\u00e7\u00e3o dos\u00a0efeitos da compacta\u00e7\u00e3o do solo, analisando os seus benef\u00edcios na manuten\u00e7\u00e3o da palha, quantificando e\u00a0qualificando seus efeitos nas propriedades f\u00edsicas e din\u00e2micas do solo, buscando verificar o tempo de dura\u00e7\u00e3o\u00a0no solo e a sua viabilidade de instala\u00e7\u00e3o em solo manejado pelo plantio direto.<\/em><\/p>\n<p>Per\u00edodo: 2012-2015<\/p>\n<p><strong>Descompacta\u00e7\u00e3o f\u00edsica na semeadura de solo manejado pelo plantio\u00a0direto<\/strong><\/p>\n<p><em>Objetivo geral: Verificar se a t\u00e9cnica do aumento da profundidade de atua\u00e7\u00e3o da haste sulcadora da semeadora s\u00e3o\u00a0eficientes na descompacta\u00e7\u00e3o da estrutura f\u00edsica da camada subsuperficial do solo, visando a manuten\u00e7\u00e3o\u00a0do manejo de sistema plantio direto e gerando uma t\u00e9cnica definitiva, n\u00e3o paliativa.<\/em><\/p>\n<p>Per\u00edodo: 2012-2015<\/p>\n<p><strong>Metodologia de avalia\u00e7\u00e3o do desempenho de dosadores helicoidais\u00a0de fertilizante<\/strong><\/p>\n<p><em>Objetivo geral: Criar uma metodologia cient\u00edfica de qualifica\u00e7\u00e3o e quantifica\u00e7\u00e3o de dosadores helicoidais.<\/em><\/p>\n<p>Per\u00edodo: 2011-2015.<\/p>\n<p><strong>Nova fonte de fosforo na agricultura: valida\u00e7\u00e3o no solo e na maquina<\/strong><\/p>\n<p><em>Objetivo geral: \u00e9 a valida\u00e7\u00e3o t\u00e9cnica e cient\u00edfica do novo fertilizante RIZOSTAR PZ\u00ae para solo argiloso do sul do Brasil, tanto sua qualifica\u00e7\u00e3o em Nitossolo Vermelho sob sistema plantio direto, como, na cultura do trigo. Outro ponto \u00e9 a busca por uma tecnologia que dose esse produto na semeadora, buscando adaptar ou alterar o FERTISYSTEM\u00ae.<\/em><\/p>\n<p>Per\u00edodo: 2014-2016.<\/p>\n<p><strong>Projeto Xisto Agr\u00edcola &#8211; Pesquisa e desenvolvimento do potencial de uso do xisto e seus\u00a0<\/strong><strong>coprodutos na agricultura<\/strong><\/p>\n<p><em>Objetivo geral:\u00a0Avaliar a efici\u00eancia agron\u00f4mica, seguran\u00e7a dos alimentos e seguran\u00e7a ambiental de aditivos, condicionadores e matrizes\u00a0fertilizantes a base de coprodutos de xisto para uso na agricultura.<\/em><\/p>\n<p>Per\u00edodo: 2012-2015.<\/p>\n<p><strong>Uso de biorreguladores de plantas aliado a estrat\u00e9gias de melhoria\u00a0f\u00edsica na semeadura<\/strong><\/p>\n<p><em>Objetivo geral: Avaliar a combina\u00e7\u00e3o de biorregulados de crescimento com descompacta\u00e7\u00e3o no solo na semeadura\u00a0como t\u00e9cnica de melhoria f\u00edsica do solo manejado pelo plantio direto.<\/em><\/p>\n<p>Per\u00edodo: 2012-2015.<\/p>\n","protected":false},"excerpt":{"rendered":"<p>Em andamento: Uniformidade de sementes de soja: velocidade de semeadura x dosador x grafite Objetivo Geral: Quantificar efeito da velocidade de semeadura, lubrificante s\u00f3lido e tipo de anel dosador no desenvolvimento da cultura da soja no primeiro ano, para posteriormente, no segundo ano de cultivo quantificar os par\u00e2metros atrav\u00e9s da cultura do milho. Per\u00edodo: 2019-2021 [&hellip;]<\/p>\n","protected":false},"author":1,"featured_media":0,"parent":0,"menu_order":0,"comment_status":"closed","ping_status":"closed","template":"","meta":{"_acf_changed":false,"footnotes":""},"class_list":["post-452","page","type-page","status-publish","hentry"],"acf":[],"_links":{"self":[{"href":"https:\/\/portais.sertao.ifrs.edu.br\/nesma\/wp-json\/wp\/v2\/pages\/452","targetHints":{"allow":["GET"]}}],"collection":[{"href":"https:\/\/portais.sertao.ifrs.edu.br\/nesma\/wp-json\/wp\/v2\/pages"}],"about":[{"href":"https:\/\/portais.sertao.ifrs.edu.br\/nesma\/wp-json\/wp\/v2\/types\/page"}],"author":[{"embeddable":true,"href":"https:\/\/portais.sertao.ifrs.edu.br\/nesma\/wp-json\/wp\/v2\/users\/1"}],"replies":[{"embeddable":true,"href":"https:\/\/portais.sertao.ifrs.edu.br\/nesma\/wp-json\/wp\/v2\/comments?post=452"}],"version-history":[{"count":0,"href":"https:\/\/portais.sertao.ifrs.edu.br\/nesma\/wp-json\/wp\/v2\/pages\/452\/revisions"}],"wp:attachment":[{"href":"https:\/\/portais.sertao.ifrs.edu.br\/nesma\/wp-json\/wp\/v2\/media?parent=452"}],"curies":[{"name":"wp","href":"https:\/\/api.w.org\/{rel}","templated":true}]}}