{"id":629,"date":"2018-11-14T12:34:23","date_gmt":"2018-11-14T14:34:23","guid":{"rendered":"https:\/\/nesma.sertao.ifrs.edu.br\/?page_id=629"},"modified":"2018-11-14T12:34:23","modified_gmt":"2018-11-14T14:34:23","slug":"como-regular-a-distribuicao-de-semente-na-semeadora-plantadeira","status":"publish","type":"page","link":"https:\/\/portais.sertao.ifrs.edu.br\/nesma\/como-regular-a-distribuicao-de-semente-na-semeadora-plantadeira\/","title":{"rendered":"Como regular a distribui\u00e7\u00e3o de semente na semeadora (plantadeira)"},"content":{"rendered":"<p>A semeadora, comumente chamada de plantadeira, \u00e9 uma m\u00e1quina que possui a fun\u00e7\u00e3o de dosar semente e\/ou fertilizante dependendo do modelo, haja visto que temos no mercado nacional:<\/p>\n<ul>\n<li>Semeadoras<\/li>\n<li>Semeadoras &#8211; adubadoras<\/li>\n<\/ul>\n<p>Pensando em semente temos duas situa\u00e7\u00f5es, sementes que s\u00e3o dosadas em base de peso, ex, nabo, ervilhaca, aveia, trigo, triticale entre outras, estas s\u00e3o reguladas em kg\/ha, e temos o caso das semeaduras de &#8220;precis\u00e3o&#8221;, tantas sementes por metro ou sementes\/ha, para tal iremos realizar a explica\u00e7\u00e3o separada entre elas, vamos l\u00e1:<\/p>\n<p>Regulando sementes em kg\/ha<\/p>\n<p>&nbsp;<\/p>\n<p><iframe title=\"Como calcular regulagem de semeadoras\" width=\"740\" height=\"416\" src=\"https:\/\/www.youtube.com\/embed\/ZXy5DNHBoU4?feature=oembed\" frameborder=\"0\" allow=\"accelerometer; autoplay; encrypted-media; gyroscope; picture-in-picture\" allowfullscreen><\/iframe><\/p>\n","protected":false},"excerpt":{"rendered":"<p>A semeadora, comumente chamada de plantadeira, \u00e9 uma m\u00e1quina que possui a fun\u00e7\u00e3o de dosar semente e\/ou fertilizante dependendo do modelo, haja visto que temos no mercado nacional: Semeadoras Semeadoras &#8211; adubadoras Pensando em semente temos duas situa\u00e7\u00f5es, sementes que s\u00e3o dosadas em base de peso, ex, nabo, ervilhaca, aveia, trigo, triticale entre outras, estas [&hellip;]<\/p>\n","protected":false},"author":1,"featured_media":0,"parent":0,"menu_order":1,"comment_status":"open","ping_status":"closed","template":"","meta":{"_acf_changed":false,"footnotes":""},"class_list":["post-629","page","type-page","status-publish","hentry"],"acf":[],"_links":{"self":[{"href":"https:\/\/portais.sertao.ifrs.edu.br\/nesma\/wp-json\/wp\/v2\/pages\/629","targetHints":{"allow":["GET"]}}],"collection":[{"href":"https:\/\/portais.sertao.ifrs.edu.br\/nesma\/wp-json\/wp\/v2\/pages"}],"about":[{"href":"https:\/\/portais.sertao.ifrs.edu.br\/nesma\/wp-json\/wp\/v2\/types\/page"}],"author":[{"embeddable":true,"href":"https:\/\/portais.sertao.ifrs.edu.br\/nesma\/wp-json\/wp\/v2\/users\/1"}],"replies":[{"embeddable":true,"href":"https:\/\/portais.sertao.ifrs.edu.br\/nesma\/wp-json\/wp\/v2\/comments?post=629"}],"version-history":[{"count":0,"href":"https:\/\/portais.sertao.ifrs.edu.br\/nesma\/wp-json\/wp\/v2\/pages\/629\/revisions"}],"wp:attachment":[{"href":"https:\/\/portais.sertao.ifrs.edu.br\/nesma\/wp-json\/wp\/v2\/media?parent=629"}],"curies":[{"name":"wp","href":"https:\/\/api.w.org\/{rel}","templated":true}]}}